{"id":520159,"date":"2017-03-22T14:18:49","date_gmt":"2017-03-22T13:18:49","guid":{"rendered":"https:\/\/muntuworld.org\/accueil\/"},"modified":"2024-03-30T02:03:48","modified_gmt":"2024-03-30T01:03:48","slug":"accueil-2","status":"publish","type":"page","link":"https:\/\/muntudesign.com\/en\/","title":{"rendered":"Home"},"content":{"rendered":"<p>[et_pb_section fb_built=&#8221;1&#8243; fullwidth=&#8221;on&#8221; disabled_on=&#8221;off|off|off&#8221; module_class=&#8221;et_pb_section_accueil&#8221; _builder_version=&#8221;4.16&#8243; global_colors_info=&#8221;{}&#8221;][et_pb_fullwidth_header text_orientation=&#8221;center&#8221; header_fullscreen=&#8221;on&#8221; header_scroll_down=&#8221;on&#8221; scroll_down_icon=&#8221;%%5%%&#8221; scroll_down_icon_color=&#8221;#d9ae62&#8243; scroll_down_icon_size=&#8221;65px&#8221; background_overlay_color=&#8221;rgba(43,29,24,0.86)&#8221; logo_image_url=&#8221;https:\/\/muntudesign.com\/wp-content\/uploads\/2017\/03\/tete-muntu7.png&#8221; admin_label=&#8221;entete&#8221; _builder_version=&#8221;4.16&#8243; title_font=&#8221;Lato|on|||&#8221; title_text_color=&#8221;#d9ae62&#8243; title_font_size=&#8221;41px&#8221; content_text_color=&#8221;#ffffff&#8221; subhead_text_color=&#8221;#cd996d&#8221; background_color=&#8221;rgba(255, 255, 255, 0)&#8221; background_image=&#8221;https:\/\/muntudesign.com\/wp-content\/uploads\/2017\/11\/IMG_9707.jpg&#8221; parallax=&#8221;on&#8221; background_layout=&#8221;light&#8221; max_width_tablet=&#8221;50px&#8221; global_colors_info=&#8221;{}&#8221; button_one_text_size__hover_enabled=&#8221;off&#8221; button_one_text_size__hover=&#8221;null&#8221; button_two_text_size__hover_enabled=&#8221;off&#8221; button_two_text_size__hover=&#8221;null&#8221; button_one_text_color__hover_enabled=&#8221;off&#8221; button_one_text_color__hover=&#8221;null&#8221; button_two_text_color__hover_enabled=&#8221;off&#8221; button_two_text_color__hover=&#8221;null&#8221; button_one_border_width__hover_enabled=&#8221;off&#8221; button_one_border_width__hover=&#8221;null&#8221; button_two_border_width__hover_enabled=&#8221;off&#8221; button_two_border_width__hover=&#8221;null&#8221; button_one_border_color__hover_enabled=&#8221;off&#8221; button_one_border_color__hover=&#8221;null&#8221; button_two_border_color__hover_enabled=&#8221;off&#8221; button_two_border_color__hover=&#8221;null&#8221; button_one_border_radius__hover_enabled=&#8221;off&#8221; button_one_border_radius__hover=&#8221;null&#8221; button_two_border_radius__hover_enabled=&#8221;off&#8221; button_two_border_radius__hover=&#8221;null&#8221; button_one_letter_spacing__hover_enabled=&#8221;off&#8221; button_one_letter_spacing__hover=&#8221;null&#8221; button_two_letter_spacing__hover_enabled=&#8221;off&#8221; button_two_letter_spacing__hover=&#8221;null&#8221; button_one_bg_color__hover_enabled=&#8221;off&#8221; button_one_bg_color__hover=&#8221;null&#8221; button_two_bg_color__hover_enabled=&#8221;off&#8221; button_two_bg_color__hover=&#8221;null&#8221;]<\/p>\n<h4 style=\"text-align: center\"><span style=\"color: #ce9b6f\">Projet d\u00e9di\u00e9 \u00e0 la promotion de la cr\u00e9ativit\u00e9 contemporaine du continent africain dans le but de cr\u00e9er des imaginaires pluriels<br \/><\/span><\/h4>\n<p>[\/et_pb_fullwidth_header][\/et_pb_section][et_pb_section fb_built=&#8221;1&#8243; fullwidth=&#8221;on&#8221; disabled_on=&#8221;off|off|off&#8221; module_class=&#8221;et_pb_section_accueil&#8221; _builder_version=&#8221;4.16&#8243; global_colors_info=&#8221;{}&#8221;][et_pb_fullwidth_header text_orientation=&#8221;center&#8221; header_fullscreen=&#8221;on&#8221; header_scroll_down=&#8221;on&#8221; scroll_down_icon=&#8221;%%5%%&#8221; scroll_down_icon_color=&#8221;#d9ae62&#8243; scroll_down_icon_size=&#8221;65px&#8221; background_overlay_color=&#8221;rgba(43,29,24,0.86)&#8221; admin_label=&#8221;entete&#8221; _builder_version=&#8221;4.16&#8243; title_font=&#8221;Lato|on|||&#8221; title_text_color=&#8221;#d9ae62&#8243; title_font_size=&#8221;41px&#8221; content_text_color=&#8221;#ffffff&#8221; subhead_text_color=&#8221;#cd996d&#8221; background_color=&#8221;rgba(255, 255, 255, 0)&#8221; background_image=&#8221;https:\/\/muntudesign.com\/wp-content\/uploads\/2018\/04\/20180203_092120.jpg&#8221; parallax=&#8221;on&#8221; background_layout=&#8221;light&#8221; max_width_tablet=&#8221;50px&#8221; global_colors_info=&#8221;{}&#8221; button_one_text_size__hover_enabled=&#8221;off&#8221; button_one_text_size__hover=&#8221;null&#8221; button_two_text_size__hover_enabled=&#8221;off&#8221; button_two_text_size__hover=&#8221;null&#8221; button_one_text_color__hover_enabled=&#8221;off&#8221; button_one_text_color__hover=&#8221;null&#8221; button_two_text_color__hover_enabled=&#8221;off&#8221; button_two_text_color__hover=&#8221;null&#8221; button_one_border_width__hover_enabled=&#8221;off&#8221; button_one_border_width__hover=&#8221;null&#8221; button_two_border_width__hover_enabled=&#8221;off&#8221; button_two_border_width__hover=&#8221;null&#8221; button_one_border_color__hover_enabled=&#8221;off&#8221; button_one_border_color__hover=&#8221;null&#8221; button_two_border_color__hover_enabled=&#8221;off&#8221; button_two_border_color__hover=&#8221;null&#8221; button_one_border_radius__hover_enabled=&#8221;off&#8221; button_one_border_radius__hover=&#8221;null&#8221; button_two_border_radius__hover_enabled=&#8221;off&#8221; button_two_border_radius__hover=&#8221;null&#8221; button_one_letter_spacing__hover_enabled=&#8221;off&#8221; button_one_letter_spacing__hover=&#8221;null&#8221; button_two_letter_spacing__hover_enabled=&#8221;off&#8221; button_two_letter_spacing__hover=&#8221;null&#8221; button_one_bg_color__hover_enabled=&#8221;off&#8221; button_one_bg_color__hover=&#8221;null&#8221; button_two_bg_color__hover_enabled=&#8221;off&#8221; button_two_bg_color__hover=&#8221;null&#8221;]<\/p>\n<h4><span style=\"color: #ce9b6f\">Le projet MUNTU vise, \u00e0 travers les arts et la culture, \u00e0 faire changer les regards sur le continent africain, son \u00e9conomie, son mod\u00e8le et son apport au monde.<\/span><\/h4>\n<p>[\/et_pb_fullwidth_header][\/et_pb_section][et_pb_section fb_built=&#8221;1&#8243; fullwidth=&#8221;on&#8221; disabled_on=&#8221;off|off|off&#8221; module_class=&#8221;et_pb_section_accueil&#8221; _builder_version=&#8221;4.16&#8243; global_colors_info=&#8221;{}&#8221;][et_pb_fullwidth_header text_orientation=&#8221;center&#8221; header_fullscreen=&#8221;on&#8221; header_scroll_down=&#8221;on&#8221; scroll_down_icon=&#8221;%%5%%&#8221; scroll_down_icon_color=&#8221;#d9ae62&#8243; scroll_down_icon_size=&#8221;65px&#8221; background_overlay_color=&#8221;rgba(43,29,24,0.86)&#8221; admin_label=&#8221;entete&#8221; _builder_version=&#8221;4.16&#8243; title_font=&#8221;Lato|on|||&#8221; title_text_color=&#8221;#d9ae62&#8243; title_font_size=&#8221;41px&#8221; content_text_color=&#8221;#ffffff&#8221; subhead_text_color=&#8221;#cd996d&#8221; background_color=&#8221;rgba(255, 255, 255, 0)&#8221; background_image=&#8221;https:\/\/muntudesign.com\/wp-content\/uploads\/2018\/04\/Mayele-Image-44-of-219.jpg&#8221; parallax=&#8221;on&#8221; background_layout=&#8221;light&#8221; max_width_tablet=&#8221;50px&#8221; global_colors_info=&#8221;{}&#8221; button_one_text_size__hover_enabled=&#8221;off&#8221; button_one_text_size__hover=&#8221;null&#8221; button_two_text_size__hover_enabled=&#8221;off&#8221; button_two_text_size__hover=&#8221;null&#8221; button_one_text_color__hover_enabled=&#8221;off&#8221; button_one_text_color__hover=&#8221;null&#8221; button_two_text_color__hover_enabled=&#8221;off&#8221; button_two_text_color__hover=&#8221;null&#8221; button_one_border_width__hover_enabled=&#8221;off&#8221; button_one_border_width__hover=&#8221;null&#8221; button_two_border_width__hover_enabled=&#8221;off&#8221; button_two_border_width__hover=&#8221;null&#8221; button_one_border_color__hover_enabled=&#8221;off&#8221; button_one_border_color__hover=&#8221;null&#8221; button_two_border_color__hover_enabled=&#8221;off&#8221; button_two_border_color__hover=&#8221;null&#8221; button_one_border_radius__hover_enabled=&#8221;off&#8221; button_one_border_radius__hover=&#8221;null&#8221; button_two_border_radius__hover_enabled=&#8221;off&#8221; button_two_border_radius__hover=&#8221;null&#8221; button_one_letter_spacing__hover_enabled=&#8221;off&#8221; button_one_letter_spacing__hover=&#8221;null&#8221; button_two_letter_spacing__hover_enabled=&#8221;off&#8221; button_two_letter_spacing__hover=&#8221;null&#8221; button_one_bg_color__hover_enabled=&#8221;off&#8221; button_one_bg_color__hover=&#8221;null&#8221; button_two_bg_color__hover_enabled=&#8221;off&#8221; button_two_bg_color__hover=&#8221;null&#8221;]<\/p>\n<div class=\"et_pb_module et_pb_text et_pb_text_3 et_pb_bg_layout_light et_pb_text_align_left\">\n<div class=\"et_pb_text_inner\">\n<h4><span style=\"color: #ce9b6f\">MUNTU World met en avant la pens\u00e9e cr\u00e9ative africaine contemporaine, plurielle, dans le but de contribuer \u00e0 la cr\u00e9ation de nouveaux mod\u00e8les, de nouvelles perspectives socio-\u00e9conomiques, et de favoriser le lien social.<\/span><\/h4>\n<h4><span style=\"color: #ce9b6f\">\u00a0<\/span><\/h4>\n<h4><span style=\"color: #ce9b6f\">A travers l\u2019organisation d\u2019\u00e9v\u00e8nements culturels, d&#8217;expos-vente, et la distribution de marques produites sur le continent africain, le projet MUNTU montre qu&#8217;il existe une Afrique moderne, proactive, innovante et confiante en l\u2019avenir.<\/span><\/h4>\n<p>&nbsp;<\/p>\n<\/div>\n<\/div>\n<p>[\/et_pb_fullwidth_header][\/et_pb_section][et_pb_section fb_built=&#8221;1&#8243; module_id=&#8221;presa&#8221; _builder_version=&#8221;4.16&#8243; custom_padding=&#8221;104px|0px|37px|0px&#8221; global_colors_info=&#8221;{}&#8221;][et_pb_row admin_label=&#8221;row&#8221; _builder_version=&#8221;4.16&#8243; background_image=&#8221;https:\/\/muntudesign.com\/wp-content\/uploads\/2017\/06\/adeleDEJAKBRUXELLES.jpg&#8221; parallax=&#8221;on&#8221; custom_padding=&#8221;27px|0px|0px|0px&#8221; global_colors_info=&#8221;{}&#8221;][et_pb_column type=&#8221;4_4&#8243; _builder_version=&#8221;4.16&#8243; custom_padding=&#8221;|||&#8221; global_colors_info=&#8221;{}&#8221; custom_padding__hover=&#8221;|||&#8221;][et_pb_text admin_label=&#8221;Suivre le projet&#8221; _builder_version=&#8221;4.16&#8243; text_font=&#8221;Abel||||&#8221; text_text_color=&#8221;#572b17&#8243; text_font_size=&#8221;40px&#8221; text_letter_spacing=&#8221;5px&#8221; header_font=&#8221;Abel||||&#8221; header_font_size=&#8221;20px&#8221; background_size=&#8221;initial&#8221; background_position=&#8221;top_left&#8221; background_repeat=&#8221;repeat&#8221; text_orientation=&#8221;center&#8221; module_alignment=&#8221;center&#8221; global_colors_info=&#8221;{}&#8221;]<\/p>\n<p>\nSuivre le projet<\/p>\n<p>[\/et_pb_text][et_pb_social_media_follow _builder_version=&#8221;4.16&#8243; text_orientation=&#8221;center&#8221; global_colors_info=&#8221;{}&#8221;][et_pb_social_media_follow_network social_network=&#8221;facebook&#8221; url=&#8221;https:\/\/www.facebook.com\/MuntuWorld\/&#8221; _builder_version=&#8221;4.16&#8243; background_color=&#8221;#3b5998&#8243; global_colors_info=&#8221;{}&#8221; follow_button=&#8221;off&#8221; url_new_window=&#8221;on&#8221;]Facebook<br \/>\n[\/et_pb_social_media_follow_network][et_pb_social_media_follow_network social_network=&#8221;instagram&#8221; url=&#8221;http:\/\/www.instagram.com\/muntuworld&#8221; _builder_version=&#8221;4.16&#8243; background_color=&#8221;#ea2c59&#8243; global_colors_info=&#8221;{}&#8221; follow_button=&#8221;off&#8221; url_new_window=&#8221;on&#8221;]Instagram<br \/>\n[\/et_pb_social_media_follow_network][et_pb_social_media_follow_network social_network=&#8221;twitter&#8221; url=&#8221;http:\/\/www.twitter.com\/muntuworld&#8221; _builder_version=&#8221;4.22.2&#8243; background_color=&#8221;#000000&#8243; global_colors_info=&#8221;{}&#8221; follow_button=&#8221;off&#8221; url_new_window=&#8221;on&#8221;]Twitter<br \/>\n[\/et_pb_social_media_follow_network][et_pb_social_media_follow_network social_network=&#8221;youtube&#8221; url=&#8221;https:\/\/www.youtube.com\/channel\/UCYy5p0bKeMyMzHBCfwwDJYQ&#8221; _builder_version=&#8221;4.16&#8243; background_color=&#8221;#a82400&#8243; global_colors_info=&#8221;{}&#8221; follow_button=&#8221;off&#8221; url_new_window=&#8221;on&#8221;]Youtube<br \/>\n[\/et_pb_social_media_follow_network][\/et_pb_social_media_follow][\/et_pb_column][\/et_pb_row][\/et_pb_section]<\/p>\n","protected":false},"excerpt":{"rendered":"<p>A contemporary space of cultural fusion, situated half way between Africa and Europe<\/p>\n","protected":false},"author":1,"featured_media":0,"parent":0,"menu_order":0,"comment_status":"closed","ping_status":"closed","template":"","meta":{"_et_pb_use_builder":"on","_et_pb_old_content":"","_et_gb_content_width":"","footnotes":""},"class_list":["post-520159","page","type-page","status-publish","hentry"],"yoast_head":"<!-- This site is optimized with the Yoast SEO plugin v26.6 - https:\/\/yoast.com\/wordpress\/plugins\/seo\/ -->\n<title>Home - Muntu Design<\/title>\n<meta name=\"description\" content=\"A contemporary space for cultural synthesis located midway between Africa and Europe\" \/>\n<meta name=\"robots\" content=\"index, follow, max-snippet:-1, max-image-preview:large, max-video-preview:-1\" \/>\n<link rel=\"canonical\" href=\"https:\/\/muntudesign.com\/en\/accueil-2\/\" \/>\n<meta property=\"og:locale\" content=\"en_US\" \/>\n<meta property=\"og:type\" content=\"article\" \/>\n<meta property=\"og:title\" content=\"Home - Muntu Design\" \/>\n<meta property=\"og:description\" content=\"A contemporary space for cultural synthesis located midway between Africa and Europe\" \/>\n<meta property=\"og:url\" content=\"https:\/\/muntudesign.com\/en\/accueil-2\/\" \/>\n<meta property=\"og:site_name\" content=\"Muntu Design\" \/>\n<meta property=\"article:publisher\" content=\"https:\/\/www.facebook.com\/MuntuWorld\/\" \/>\n<meta property=\"article:modified_time\" content=\"2024-03-30T01:03:48+00:00\" \/>\n<meta property=\"og:image\" content=\"https:\/\/muntuworld.org\/wp-content\/uploads\/2018\/04\/20171223_120009.jpg\" \/>\n<meta name=\"twitter:card\" content=\"summary_large_image\" \/>\n<meta name=\"twitter:image\" content=\"https:\/\/muntuworld.org\/wp-content\/uploads\/2018\/08\/MuntuProject-MoodBoard.jpg\" \/>\n<meta name=\"twitter:site\" content=\"@muntuworld\" \/>\n<meta name=\"twitter:label1\" content=\"Est. reading time\" \/>\n\t<meta name=\"twitter:data1\" content=\"7 minutes\" \/>\n<script type=\"application\/ld+json\" class=\"yoast-schema-graph\">{\"@context\":\"https:\/\/schema.org\",\"@graph\":[{\"@type\":\"WebPage\",\"@id\":\"https:\/\/muntudesign.com\/en\/accueil-2\/\",\"url\":\"https:\/\/muntudesign.com\/en\/accueil-2\/\",\"name\":\"Home - Muntu Design\",\"isPartOf\":{\"@id\":\"https:\/\/muntudesign.com\/#website\"},\"datePublished\":\"2017-03-22T13:18:49+00:00\",\"dateModified\":\"2024-03-30T01:03:48+00:00\",\"description\":\"A contemporary space for cultural synthesis located midway between Africa and Europe\",\"breadcrumb\":{\"@id\":\"https:\/\/muntudesign.com\/en\/accueil-2\/#breadcrumb\"},\"inLanguage\":\"en-US\",\"potentialAction\":[{\"@type\":\"ReadAction\",\"target\":[\"https:\/\/muntudesign.com\/en\/accueil-2\/\"]}]},{\"@type\":\"BreadcrumbList\",\"@id\":\"https:\/\/muntudesign.com\/en\/accueil-2\/#breadcrumb\",\"itemListElement\":[{\"@type\":\"ListItem\",\"position\":1,\"name\":\"Accueil\",\"item\":\"https:\/\/muntudesign.com\/en\/accueil-2\/\"},{\"@type\":\"ListItem\",\"position\":2,\"name\":\"Home\"}]},{\"@type\":\"WebSite\",\"@id\":\"https:\/\/muntudesign.com\/#website\",\"url\":\"https:\/\/muntudesign.com\/\",\"name\":\"Muntu Design\",\"description\":\"Contemporary African Design\",\"publisher\":{\"@id\":\"https:\/\/muntudesign.com\/#organization\"},\"potentialAction\":[{\"@type\":\"SearchAction\",\"target\":{\"@type\":\"EntryPoint\",\"urlTemplate\":\"https:\/\/muntudesign.com\/?s={search_term_string}\"},\"query-input\":{\"@type\":\"PropertyValueSpecification\",\"valueRequired\":true,\"valueName\":\"search_term_string\"}}],\"inLanguage\":\"en-US\"},{\"@type\":\"Organization\",\"@id\":\"https:\/\/muntudesign.com\/#organization\",\"name\":\"Muntu Design\",\"url\":\"https:\/\/muntudesign.com\/\",\"logo\":{\"@type\":\"ImageObject\",\"inLanguage\":\"en-US\",\"@id\":\"https:\/\/muntudesign.com\/#\/schema\/logo\/image\/\",\"url\":\"https:\/\/muntudesign.com\/wp-content\/uploads\/2017\/03\/logo-munut-artistique.png\",\"contentUrl\":\"https:\/\/muntudesign.com\/wp-content\/uploads\/2017\/03\/logo-munut-artistique.png\",\"width\":1024,\"height\":1192,\"caption\":\"Muntu Design\"},\"image\":{\"@id\":\"https:\/\/muntudesign.com\/#\/schema\/logo\/image\/\"},\"sameAs\":[\"https:\/\/www.facebook.com\/MuntuWorld\/\",\"https:\/\/x.com\/muntuworld\"]}]}<\/script>\n<!-- \/ Yoast SEO plugin. -->","yoast_head_json":{"title":"Home - Muntu Design","description":"A contemporary space for cultural synthesis located midway between Africa and Europe","robots":{"index":"index","follow":"follow","max-snippet":"max-snippet:-1","max-image-preview":"max-image-preview:large","max-video-preview":"max-video-preview:-1"},"canonical":"https:\/\/muntudesign.com\/en\/accueil-2\/","og_locale":"en_US","og_type":"article","og_title":"Home - Muntu Design","og_description":"A contemporary space for cultural synthesis located midway between Africa and Europe","og_url":"https:\/\/muntudesign.com\/en\/accueil-2\/","og_site_name":"Muntu Design","article_publisher":"https:\/\/www.facebook.com\/MuntuWorld\/","article_modified_time":"2024-03-30T01:03:48+00:00","og_image":[{"url":"https:\/\/muntuworld.org\/wp-content\/uploads\/2018\/04\/20171223_120009.jpg","type":"","width":"","height":""}],"twitter_card":"summary_large_image","twitter_image":"https:\/\/muntuworld.org\/wp-content\/uploads\/2018\/08\/MuntuProject-MoodBoard.jpg","twitter_site":"@muntuworld","twitter_misc":{"Est. reading time":"7 minutes"},"schema":{"@context":"https:\/\/schema.org","@graph":[{"@type":"WebPage","@id":"https:\/\/muntudesign.com\/en\/accueil-2\/","url":"https:\/\/muntudesign.com\/en\/accueil-2\/","name":"Home - Muntu Design","isPartOf":{"@id":"https:\/\/muntudesign.com\/#website"},"datePublished":"2017-03-22T13:18:49+00:00","dateModified":"2024-03-30T01:03:48+00:00","description":"A contemporary space for cultural synthesis located midway between Africa and Europe","breadcrumb":{"@id":"https:\/\/muntudesign.com\/en\/accueil-2\/#breadcrumb"},"inLanguage":"en-US","potentialAction":[{"@type":"ReadAction","target":["https:\/\/muntudesign.com\/en\/accueil-2\/"]}]},{"@type":"BreadcrumbList","@id":"https:\/\/muntudesign.com\/en\/accueil-2\/#breadcrumb","itemListElement":[{"@type":"ListItem","position":1,"name":"Accueil","item":"https:\/\/muntudesign.com\/en\/accueil-2\/"},{"@type":"ListItem","position":2,"name":"Home"}]},{"@type":"WebSite","@id":"https:\/\/muntudesign.com\/#website","url":"https:\/\/muntudesign.com\/","name":"Muntu Design","description":"Contemporary African Design","publisher":{"@id":"https:\/\/muntudesign.com\/#organization"},"potentialAction":[{"@type":"SearchAction","target":{"@type":"EntryPoint","urlTemplate":"https:\/\/muntudesign.com\/?s={search_term_string}"},"query-input":{"@type":"PropertyValueSpecification","valueRequired":true,"valueName":"search_term_string"}}],"inLanguage":"en-US"},{"@type":"Organization","@id":"https:\/\/muntudesign.com\/#organization","name":"Muntu Design","url":"https:\/\/muntudesign.com\/","logo":{"@type":"ImageObject","inLanguage":"en-US","@id":"https:\/\/muntudesign.com\/#\/schema\/logo\/image\/","url":"https:\/\/muntudesign.com\/wp-content\/uploads\/2017\/03\/logo-munut-artistique.png","contentUrl":"https:\/\/muntudesign.com\/wp-content\/uploads\/2017\/03\/logo-munut-artistique.png","width":1024,"height":1192,"caption":"Muntu Design"},"image":{"@id":"https:\/\/muntudesign.com\/#\/schema\/logo\/image\/"},"sameAs":["https:\/\/www.facebook.com\/MuntuWorld\/","https:\/\/x.com\/muntuworld"]}]}},"_links":{"self":[{"href":"https:\/\/muntudesign.com\/en\/wp-json\/wp\/v2\/pages\/520159","targetHints":{"allow":["GET"]}}],"collection":[{"href":"https:\/\/muntudesign.com\/en\/wp-json\/wp\/v2\/pages"}],"about":[{"href":"https:\/\/muntudesign.com\/en\/wp-json\/wp\/v2\/types\/page"}],"author":[{"embeddable":true,"href":"https:\/\/muntudesign.com\/en\/wp-json\/wp\/v2\/users\/1"}],"replies":[{"embeddable":true,"href":"https:\/\/muntudesign.com\/en\/wp-json\/wp\/v2\/comments?post=520159"}],"version-history":[{"count":4,"href":"https:\/\/muntudesign.com\/en\/wp-json\/wp\/v2\/pages\/520159\/revisions"}],"predecessor-version":[{"id":9677072,"href":"https:\/\/muntudesign.com\/en\/wp-json\/wp\/v2\/pages\/520159\/revisions\/9677072"}],"wp:attachment":[{"href":"https:\/\/muntudesign.com\/en\/wp-json\/wp\/v2\/media?parent=520159"}],"curies":[{"name":"wp","href":"https:\/\/api.w.org\/{rel}","templated":true}]}}