{"id":520200,"date":"2017-03-27T15:04:20","date_gmt":"2017-03-27T13:04:20","guid":{"rendered":"https:\/\/muntuworld.org\/store\/"},"modified":"2017-08-28T15:33:45","modified_gmt":"2017-08-28T13:33:45","slug":"store","status":"publish","type":"page","link":"https:\/\/muntudesign.com\/en\/store\/","title":{"rendered":"Concept Store"},"content":{"rendered":"<p>[et_pb_section bb_built=&#8221;1&#8243; transparent_background=&#8221;on&#8221; custom_padding=&#8221;86px|0px|0px|0px&#8221; module_id=&#8221;blog&#8221;][et_pb_row admin_label=&#8221;row&#8221; custom_padding=&#8221;27px|0px|21px|0px&#8221; background_position=&#8221;top_left&#8221; background_repeat=&#8221;repeat&#8221; background_size=&#8221;initial&#8221;][et_pb_column type=&#8221;4_4&#8243;][et_pb_text admin_label=&#8221;Muntu Concept Store&#8221; text_orientation=&#8221;center&#8221; header_font=&#8221;Abel||||&#8221; header_font_size=&#8221;20px&#8221; text_font=&#8221;Abel||||&#8221; text_font_size=&#8221;40px&#8221; text_text_color=&#8221;#572b17&#8243; text_letter_spacing=&#8221;5px&#8221; background_position=&#8221;top_left&#8221; background_repeat=&#8221;repeat&#8221; background_size=&#8221;initial&#8221; _builder_version=&#8221;3.0.64&#8243; background_layout=&#8221;light&#8221; border_style=&#8221;solid&#8221;]<\/p>\n<p>Muntu Concept Store<\/p>\n<p>[\/et_pb_text][\/et_pb_column][\/et_pb_row][et_pb_row admin_label=&#8221;row&#8221; custom_padding=&#8221;27px|0px|0px|0px&#8221; background_position=&#8221;top_left&#8221; background_repeat=&#8221;repeat&#8221; background_size=&#8221;initial&#8221;][et_pb_column type=&#8221;4_4&#8243;][et_pb_divider color=&#8221;#572b17&#8243; show_divider=&#8221;on&#8221; divider_style=&#8221;dotted&#8221; divider_position=&#8221;top&#8221; divider_weight=&#8221;2px&#8221; hide_on_mobile=&#8221;off&#8221; \/][\/et_pb_column][\/et_pb_row][et_pb_row admin_label=&#8221;row&#8221; custom_padding=&#8221;82px|0px|27px|0px&#8221; background_position=&#8221;top_left&#8221; background_repeat=&#8221;repeat&#8221; background_size=&#8221;initial&#8221;][et_pb_column type=&#8221;4_4&#8243;][et_pb_text admin_label=&#8221;Designed with Soul&#8221; text_orientation=&#8221;center&#8221; header_font_size=&#8221;19px&#8221; text_font=&#8221;Abel||||&#8221; text_font_size=&#8221;32px&#8221; text_text_color=&#8221;#8f4b2b&#8221; background_layout=&#8221;light&#8221; border_style=&#8221;solid&#8221; background_position=&#8221;top_left&#8221; background_repeat=&#8221;repeat&#8221; background_size=&#8221;initial&#8221; _builder_version=&#8221;3.0.64&#8243;]<\/p>\n<p><strong><em>Designed with soul <\/em><\/strong><\/p>\n<p>[\/et_pb_text][et_pb_text admin_label=&#8221;(lancement cet \u00e9t\u00e9)&#8221; text_orientation=&#8221;center&#8221; header_font_size=&#8221;19px&#8221; text_font=&#8221;Abel||||&#8221; text_font_size=&#8221;32px&#8221; text_text_color=&#8221;#8f4b2b&#8221; background_layout=&#8221;light&#8221; border_style=&#8221;solid&#8221; background_position=&#8221;top_left&#8221; background_repeat=&#8221;repeat&#8221; background_size=&#8221;initial&#8221; _builder_version=&#8221;3.0.71&#8243;]<\/p>\n<p>(coming this summer)<\/p>\n<p>[\/et_pb_text][\/et_pb_column][\/et_pb_row][\/et_pb_section][et_pb_section bb_built=&#8221;1&#8243; custom_padding=&#8221;54px|0px|13px|0px&#8221;][et_pb_row background_position=&#8221;top_left&#8221; background_repeat=&#8221;repeat&#8221; background_size=&#8221;initial&#8221;][et_pb_column type=&#8221;4_4&#8243;][et_pb_image src=&#8221;https:\/\/muntuworld.org\/wp-content\/uploads\/2017\/03\/AfricaRemix-MoodBoard3.jpg&#8221; show_in_lightbox=&#8221;off&#8221; url_new_window=&#8221;off&#8221; use_overlay=&#8221;off&#8221; sticky=&#8221;off&#8221; align=&#8221;center&#8221; always_center_on_mobile=&#8221;on&#8221; use_border_color=&#8221;off&#8221; border_color=&#8221;#ffffff&#8221; border_style=&#8221;solid&#8221; force_fullwidth=&#8221;off&#8221; animation=&#8221;off&#8221; \/][\/et_pb_column][\/et_pb_row][et_pb_row background_position=&#8221;top_left&#8221; background_repeat=&#8221;repeat&#8221; background_size=&#8221;initial&#8221;][et_pb_column type=&#8221;1_2&#8243;][et_pb_text admin_label=&#8221;Le MUNTU Concept Store, c\u2019est l\u2019espace d\u2019\u00e9change entre les cr\u00e9ateurs africains et les consom\u2019acteurs localis\u00e9s en Europe et dans le reste du monde.&#8221; text_orientation=&#8221;justified&#8221; background_layout=&#8221;light&#8221; border_style=&#8221;solid&#8221; background_position=&#8221;top_left&#8221; background_repeat=&#8221;repeat&#8221; background_size=&#8221;initial&#8221; _builder_version=&#8221;3.0.71&#8243;]<\/p>\n<p><strong>MUNTU WORLD\u2019s <em>Concept Store<\/em><\/strong> is the <strong>market place<\/strong> between African creators and <strong>consum-actors<\/strong> situated in Europe and in the rest of the world. Both virtual and physically located in Brussels, it will become the window of <strong>contemporary Africa<\/strong> through its exposure of African talent. To develop and implement a structured, <strong>sustainable distribution network<\/strong>, respectful of the socio-economic situation and the specificities of the local situation, PRESALES will be necessary. Together, we will commit to an exchange between each creator to best prepare and organise the distribution of his or her products in Europe. This <strong>unique experience<\/strong> is infinitely more advantages than a simple consumer transaction. It touches the very heart of our values.<\/p>\n<p>[\/et_pb_text][\/et_pb_column][et_pb_column type=&#8221;1_2&#8243;][et_pb_text admin_label=&#8221;En soutenant le d\u00e9veloppement du MUNTU Concept Store, vous d\u00e9fendez en m\u00eame temps:&#8221; text_orientation=&#8221;justified&#8221; background_layout=&#8221;light&#8221; border_style=&#8221;solid&#8221; background_position=&#8221;top_left&#8221; background_repeat=&#8221;repeat&#8221; background_size=&#8221;initial&#8221; _builder_version=&#8221;3.0.71&#8243;]<\/p>\n<p>By supporting the development of <strong>MUNTU WORLD\u2019s <em>Concept Store<\/em><\/strong>, you will also be supporting:<\/p>\n<ul>\n<li>A different form of human progress, more respectful of oneself, others and of our environment;<\/li>\n<li>Diversity (in the face of uniformity)<\/li>\n<li>A scale of values prioritising social relationships<\/li>\n<li>Another type of economic exchange based on culture and community<\/li>\n<li>Careful innovation and recycling through useful design<\/li>\n<\/ul>\n<p>To learn more about this, read Muntu World\u2019s <a href=\"\/?page_id=5082\">Philosophy<\/a> and <a href=\"\/?page_id=7534\">Engagements<\/a>.<\/p>\n<p>[\/et_pb_text][\/et_pb_column][\/et_pb_row][et_pb_row background_position=&#8221;top_left&#8221; background_repeat=&#8221;repeat&#8221; background_size=&#8221;initial&#8221;][et_pb_column type=&#8221;2_3&#8243;][et_pb_text admin_label=&#8221;Les PREVENTES, \u00e9tape essentielle&#8221; background_layout=&#8221;light&#8221; text_orientation=&#8221;left&#8221; border_style=&#8221;solid&#8221; background_position=&#8221;top_left&#8221; background_repeat=&#8221;repeat&#8221; background_size=&#8221;initial&#8221; _builder_version=&#8221;3.0.71&#8243;]<\/p>\n<p>&nbsp;<\/p>\n<h3><strong>PRESALES <\/strong>are an essential step.<\/h3>\n<h3><strong>\u00a0<\/strong><\/h3>\n<p>In order to distribute its creators, the <strong>MUNTU Concept Store<\/strong> will work in stages.<\/p>\n<p>With the support of the BeMUNTU community, a first <strong>selection of creators<\/strong> will be conducted. After an <strong>initial contact<\/strong> with the selected designers, MUNTU Concept Store will propose a <strong>selection of PRESALE products<\/strong>. MUNTU Concept Store will make the <strong>order<\/strong> and <strong>manage<\/strong> the logistics. Once the orders have arrived, a <strong>launch event<\/strong> will be held for the designer in collaboration with KOBO. The consum-actors will be able to <strong>receive their purchase(s)<\/strong> at take part in the following presale campaign.<\/p>\n<p>These presale campaigns will allow us to test the distribution network, designer by designer, together in order to take into account the realities of local logistics (production timelines, delivery timelines, payment conditions, storage capacities etc.) and best consider them as part of the administration of the MUNTU <em>Concept Store<\/em><\/p>\n<p>Want to take part in the launch of African creators in Europe thanks to MUNTU Concept Store PRESALES, support the initiative and be the first to have access to these magnificent creators in Belgium and beyond? <a href=\"\/?page_id=8826#inscription\">Sign up here<\/a>!<\/p>\n<p>[\/et_pb_text][\/et_pb_column][et_pb_column type=&#8221;1_3&#8243;][et_pb_image src=&#8221;https:\/\/muntuworld.org\/wp-content\/uploads\/2017\/03\/muntu-store3.jpg&#8221; \/][\/et_pb_column][\/et_pb_row][\/et_pb_section][et_pb_section bb_built=&#8221;1&#8243; transparent_background=&#8221;on&#8221; custom_padding=&#8221;86px|0px|54px|0px&#8221; module_id=&#8221;blog&#8221;][et_pb_row admin_label=&#8221;row&#8221; custom_padding=&#8221;27px|0px|21px|0px&#8221; background_position=&#8221;top_left&#8221; background_repeat=&#8221;repeat&#8221; background_size=&#8221;initial&#8221;][et_pb_column type=&#8221;4_4&#8243;][et_pb_text text_orientation=&#8221;center&#8221; header_font=&#8221;Abel||||&#8221; header_font_size=&#8221;20px&#8221; text_font=&#8221;Abel||||&#8221; text_font_size=&#8221;40px&#8221; text_text_color=&#8221;#572b17&#8243; text_letter_spacing=&#8221;5px&#8221; background_layout=&#8221;light&#8221; use_border_color=&#8221;off&#8221; border_color=&#8221;#ffffff&#8221; border_style=&#8221;solid&#8221; background_position=&#8221;top_left&#8221; background_repeat=&#8221;repeat&#8221; background_size=&#8221;initial&#8221; _builder_version=&#8221;3.0.71&#8243;]<\/p>\n<p>Nos derniers articles Pr\u00e9ventes<\/p>\n<p>[\/et_pb_text][\/et_pb_column][\/et_pb_row][et_pb_row admin_label=&#8221;row&#8221; background_position=&#8221;top_left&#8221; background_repeat=&#8221;repeat&#8221; background_size=&#8221;initial&#8221;][et_pb_column type=&#8221;4_4&#8243;][et_pb_divider color=&#8221;#572b17&#8243; show_divider=&#8221;on&#8221; divider_style=&#8221;dotted&#8221; divider_position=&#8221;top&#8221; divider_weight=&#8221;2px&#8221; hide_on_mobile=&#8221;off&#8221; \/][\/et_pb_column][\/et_pb_row][et_pb_row custom_padding=&#8221;40px|0px|27px|0px&#8221; background_position=&#8221;top_left&#8221; background_repeat=&#8221;repeat&#8221; background_size=&#8221;initial&#8221;][et_pb_column type=&#8221;4_4&#8243;][et_pb_blog fullwidth=&#8221;off&#8221; posts_number=&#8221;3&#8243; include_categories=&#8221;161&#8243; meta_date=&#8221;j M, Y&#8221; show_more=&#8221;on&#8221; show_author=&#8221;off&#8221; show_comments=&#8221;off&#8221; show_pagination=&#8221;off&#8221; offset_number=&#8221;0&#8243; use_overlay=&#8221;on&#8221; overlay_icon_color=&#8221;#cd996d&#8221; hover_overlay_color=&#8221;rgba(87,43,23,0.75)&#8221; hover_icon=&#8221;%%43%%&#8221; show_content=&#8221;off&#8221; show_thumbnail=&#8221;on&#8221; show_date=&#8221;on&#8221; show_categories=&#8221;off&#8221; use_dropshadow=&#8221;off&#8221; background_layout=&#8221;light&#8221; border_style=&#8221;solid&#8221; _builder_version=&#8221;3.0.71&#8243; \/][\/et_pb_column][\/et_pb_row][et_pb_row background_position=&#8221;top_left&#8221; background_repeat=&#8221;repeat&#8221; background_size=&#8221;initial&#8221;][et_pb_column type=&#8221;1_4&#8243;][\/et_pb_column][et_pb_column type=&#8221;1_2&#8243;][et_pb_button button_url=&#8221;\/category\/muntustore\/&#8221; button_text=&#8221;Voir tous les articles Store&#8221; button_alignment=&#8221;center&#8221; custom_button=&#8221;on&#8221; button_text_size=&#8221;22px&#8221; button_text_color=&#8221;#cd996d&#8221; button_bg_color=&#8221;#2b1d18&#8243; button_border_width=&#8221;0&#8243; button_icon_color=&#8221;#cd996d&#8221; button_text_color_hover=&#8221;#cd996d&#8221; button_bg_color_hover=&#8221;#2b1d18&#8243; background_color=&#8221;#332a27&#8243; _builder_version=&#8221;3.0.71&#8243; url_new_window=&#8221;off&#8221; background_layout=&#8221;light&#8221; button_icon_placement=&#8221;right&#8221; button_letter_spacing_hover=&#8221;0&#8243; \/][\/et_pb_column][et_pb_column type=&#8221;1_4&#8243;][\/et_pb_column][\/et_pb_row][\/et_pb_section]<\/p>\n","protected":false},"excerpt":{"rendered":"<p>Muntu Concept Store Designed with soul (coming this summer) MUNTU WORLD\u2019s Concept Store is the market place between African creators and consum-actors situated in Europe and in the rest of [&hellip;]<\/p>\n","protected":false},"author":1,"featured_media":0,"parent":0,"menu_order":0,"comment_status":"closed","ping_status":"closed","template":"","meta":{"_et_pb_use_builder":"on","_et_pb_old_content":"","_et_gb_content_width":"","footnotes":""},"class_list":["post-520200","page","type-page","status-publish","hentry"],"yoast_head":"<!-- This site is optimized with the Yoast SEO plugin v26.6 - https:\/\/yoast.com\/wordpress\/plugins\/seo\/ -->\n<title>Concept Store - Muntu Design<\/title>\n<meta name=\"robots\" content=\"index, follow, max-snippet:-1, max-image-preview:large, max-video-preview:-1\" \/>\n<link rel=\"canonical\" href=\"https:\/\/muntudesign.com\/en\/store\/\" \/>\n<meta property=\"og:locale\" content=\"en_US\" \/>\n<meta property=\"og:type\" content=\"article\" \/>\n<meta property=\"og:title\" content=\"Concept Store - Muntu Design\" \/>\n<meta property=\"og:description\" content=\"Muntu Concept Store Designed with soul (coming this summer) MUNTU WORLD\u2019s Concept Store is the market place between African creators and consum-actors situated in Europe and in the rest of [&hellip;]\" \/>\n<meta property=\"og:url\" content=\"https:\/\/muntudesign.com\/en\/store\/\" \/>\n<meta property=\"og:site_name\" content=\"Muntu Design\" \/>\n<meta property=\"article:publisher\" content=\"https:\/\/www.facebook.com\/MuntuWorld\/\" \/>\n<meta property=\"article:modified_time\" content=\"2017-08-28T13:33:45+00:00\" \/>\n<meta name=\"twitter:card\" content=\"summary_large_image\" \/>\n<meta name=\"twitter:site\" content=\"@muntuworld\" \/>\n<meta name=\"twitter:label1\" content=\"Est. reading time\" \/>\n\t<meta name=\"twitter:data1\" content=\"7 minutes\" \/>\n<script type=\"application\/ld+json\" class=\"yoast-schema-graph\">{\"@context\":\"https:\/\/schema.org\",\"@graph\":[{\"@type\":\"WebPage\",\"@id\":\"https:\/\/muntudesign.com\/en\/store\/\",\"url\":\"https:\/\/muntudesign.com\/en\/store\/\",\"name\":\"Concept Store - Muntu Design\",\"isPartOf\":{\"@id\":\"https:\/\/muntudesign.com\/#website\"},\"datePublished\":\"2017-03-27T13:04:20+00:00\",\"dateModified\":\"2017-08-28T13:33:45+00:00\",\"breadcrumb\":{\"@id\":\"https:\/\/muntudesign.com\/en\/store\/#breadcrumb\"},\"inLanguage\":\"en-US\",\"potentialAction\":[{\"@type\":\"ReadAction\",\"target\":[\"https:\/\/muntudesign.com\/en\/store\/\"]}]},{\"@type\":\"BreadcrumbList\",\"@id\":\"https:\/\/muntudesign.com\/en\/store\/#breadcrumb\",\"itemListElement\":[{\"@type\":\"ListItem\",\"position\":1,\"name\":\"Accueil\",\"item\":\"https:\/\/muntudesign.com\/en\/accueil-2\/\"},{\"@type\":\"ListItem\",\"position\":2,\"name\":\"Concept Store\"}]},{\"@type\":\"WebSite\",\"@id\":\"https:\/\/muntudesign.com\/#website\",\"url\":\"https:\/\/muntudesign.com\/\",\"name\":\"Muntu Design\",\"description\":\"Contemporary African Design\",\"publisher\":{\"@id\":\"https:\/\/muntudesign.com\/#organization\"},\"potentialAction\":[{\"@type\":\"SearchAction\",\"target\":{\"@type\":\"EntryPoint\",\"urlTemplate\":\"https:\/\/muntudesign.com\/?s={search_term_string}\"},\"query-input\":{\"@type\":\"PropertyValueSpecification\",\"valueRequired\":true,\"valueName\":\"search_term_string\"}}],\"inLanguage\":\"en-US\"},{\"@type\":\"Organization\",\"@id\":\"https:\/\/muntudesign.com\/#organization\",\"name\":\"Muntu Design\",\"url\":\"https:\/\/muntudesign.com\/\",\"logo\":{\"@type\":\"ImageObject\",\"inLanguage\":\"en-US\",\"@id\":\"https:\/\/muntudesign.com\/#\/schema\/logo\/image\/\",\"url\":\"https:\/\/muntudesign.com\/wp-content\/uploads\/2017\/03\/logo-munut-artistique.png\",\"contentUrl\":\"https:\/\/muntudesign.com\/wp-content\/uploads\/2017\/03\/logo-munut-artistique.png\",\"width\":1024,\"height\":1192,\"caption\":\"Muntu Design\"},\"image\":{\"@id\":\"https:\/\/muntudesign.com\/#\/schema\/logo\/image\/\"},\"sameAs\":[\"https:\/\/www.facebook.com\/MuntuWorld\/\",\"https:\/\/x.com\/muntuworld\"]}]}<\/script>\n<!-- \/ Yoast SEO plugin. -->","yoast_head_json":{"title":"Concept Store - Muntu Design","robots":{"index":"index","follow":"follow","max-snippet":"max-snippet:-1","max-image-preview":"max-image-preview:large","max-video-preview":"max-video-preview:-1"},"canonical":"https:\/\/muntudesign.com\/en\/store\/","og_locale":"en_US","og_type":"article","og_title":"Concept Store - Muntu Design","og_description":"Muntu Concept Store Designed with soul (coming this summer) MUNTU WORLD\u2019s Concept Store is the market place between African creators and consum-actors situated in Europe and in the rest of [&hellip;]","og_url":"https:\/\/muntudesign.com\/en\/store\/","og_site_name":"Muntu Design","article_publisher":"https:\/\/www.facebook.com\/MuntuWorld\/","article_modified_time":"2017-08-28T13:33:45+00:00","twitter_card":"summary_large_image","twitter_site":"@muntuworld","twitter_misc":{"Est. reading time":"7 minutes"},"schema":{"@context":"https:\/\/schema.org","@graph":[{"@type":"WebPage","@id":"https:\/\/muntudesign.com\/en\/store\/","url":"https:\/\/muntudesign.com\/en\/store\/","name":"Concept Store - Muntu Design","isPartOf":{"@id":"https:\/\/muntudesign.com\/#website"},"datePublished":"2017-03-27T13:04:20+00:00","dateModified":"2017-08-28T13:33:45+00:00","breadcrumb":{"@id":"https:\/\/muntudesign.com\/en\/store\/#breadcrumb"},"inLanguage":"en-US","potentialAction":[{"@type":"ReadAction","target":["https:\/\/muntudesign.com\/en\/store\/"]}]},{"@type":"BreadcrumbList","@id":"https:\/\/muntudesign.com\/en\/store\/#breadcrumb","itemListElement":[{"@type":"ListItem","position":1,"name":"Accueil","item":"https:\/\/muntudesign.com\/en\/accueil-2\/"},{"@type":"ListItem","position":2,"name":"Concept Store"}]},{"@type":"WebSite","@id":"https:\/\/muntudesign.com\/#website","url":"https:\/\/muntudesign.com\/","name":"Muntu Design","description":"Contemporary African Design","publisher":{"@id":"https:\/\/muntudesign.com\/#organization"},"potentialAction":[{"@type":"SearchAction","target":{"@type":"EntryPoint","urlTemplate":"https:\/\/muntudesign.com\/?s={search_term_string}"},"query-input":{"@type":"PropertyValueSpecification","valueRequired":true,"valueName":"search_term_string"}}],"inLanguage":"en-US"},{"@type":"Organization","@id":"https:\/\/muntudesign.com\/#organization","name":"Muntu Design","url":"https:\/\/muntudesign.com\/","logo":{"@type":"ImageObject","inLanguage":"en-US","@id":"https:\/\/muntudesign.com\/#\/schema\/logo\/image\/","url":"https:\/\/muntudesign.com\/wp-content\/uploads\/2017\/03\/logo-munut-artistique.png","contentUrl":"https:\/\/muntudesign.com\/wp-content\/uploads\/2017\/03\/logo-munut-artistique.png","width":1024,"height":1192,"caption":"Muntu Design"},"image":{"@id":"https:\/\/muntudesign.com\/#\/schema\/logo\/image\/"},"sameAs":["https:\/\/www.facebook.com\/MuntuWorld\/","https:\/\/x.com\/muntuworld"]}]}},"_links":{"self":[{"href":"https:\/\/muntudesign.com\/en\/wp-json\/wp\/v2\/pages\/520200","targetHints":{"allow":["GET"]}}],"collection":[{"href":"https:\/\/muntudesign.com\/en\/wp-json\/wp\/v2\/pages"}],"about":[{"href":"https:\/\/muntudesign.com\/en\/wp-json\/wp\/v2\/types\/page"}],"author":[{"embeddable":true,"href":"https:\/\/muntudesign.com\/en\/wp-json\/wp\/v2\/users\/1"}],"replies":[{"embeddable":true,"href":"https:\/\/muntudesign.com\/en\/wp-json\/wp\/v2\/comments?post=520200"}],"version-history":[{"count":0,"href":"https:\/\/muntudesign.com\/en\/wp-json\/wp\/v2\/pages\/520200\/revisions"}],"wp:attachment":[{"href":"https:\/\/muntudesign.com\/en\/wp-json\/wp\/v2\/media?parent=520200"}],"curies":[{"name":"wp","href":"https:\/\/api.w.org\/{rel}","templated":true}]}}