{"id":520293,"date":"2017-06-13T11:00:37","date_gmt":"2017-06-13T09:00:37","guid":{"rendered":"https:\/\/muntuworld.org\/muntudesign\/"},"modified":"2017-08-29T09:41:07","modified_gmt":"2017-08-29T07:41:07","slug":"muntudesign","status":"publish","type":"page","link":"https:\/\/muntudesign.com\/en\/muntudesign\/","title":{"rendered":"MUNTU Design"},"content":{"rendered":"<p>[et_pb_section bb_built=&#8221;1&#8243; fullwidth=&#8221;off&#8221; specialty=&#8221;off&#8221; _builder_version=&#8221;3.0.51&#8243; custom_padding=&#8221;86px|0px|4px|0px&#8221;][et_pb_row admin_label=&#8221;row&#8221; custom_padding=&#8221;27px|0px|21px|0px&#8221; background_position=&#8221;top_left&#8221; background_repeat=&#8221;repeat&#8221; background_size=&#8221;initial&#8221;][et_pb_column type=&#8221;4_4&#8243;][et_pb_text admin_label=&#8221;MUNTU Design&#8221; text_orientation=&#8221;center&#8221; header_font=&#8221;Abel||||&#8221; header_font_size=&#8221;20px&#8221; text_font=&#8221;Abel||||&#8221; text_font_size=&#8221;40px&#8221; text_text_color=&#8221;#572b17&#8243; text_letter_spacing=&#8221;5px&#8221; background_layout=&#8221;light&#8221; border_style=&#8221;solid&#8221; background_position=&#8221;top_left&#8221; background_repeat=&#8221;repeat&#8221; background_size=&#8221;initial&#8221; _builder_version=&#8221;3.0.51&#8243;]<\/p>\n<p>MUNTU Design<\/p>\n<p>[\/et_pb_text][\/et_pb_column][\/et_pb_row][et_pb_row admin_label=&#8221;row&#8221; custom_padding=&#8221;10px|0px|28px|0px&#8221; background_position=&#8221;top_left&#8221; background_repeat=&#8221;repeat&#8221; background_size=&#8221;initial&#8221;][et_pb_column type=&#8221;4_4&#8243;][et_pb_divider color=&#8221;#572b17&#8243; show_divider=&#8221;on&#8221; divider_style=&#8221;dotted&#8221; divider_position=&#8221;top&#8221; divider_weight=&#8221;2px&#8221; hide_on_mobile=&#8221;off&#8221; \/][et_pb_text background_position=&#8221;top_left&#8221; background_repeat=&#8221;repeat&#8221; background_size=&#8221;initial&#8221; _builder_version=&#8221;3.0.71&#8243; background_layout=&#8221;light&#8221; text_orientation=&#8221;left&#8221; border_style=&#8221;solid&#8221;]<\/p>\n<p style=\"text-align: center;\"><em>African Design, contemporary amalgamated aesthetics<\/em><\/p>\n<p>[\/et_pb_text][\/et_pb_column][\/et_pb_row][et_pb_row admin_label=&#8221;row&#8221; custom_padding=&#8221;10px|0px|28px|0px&#8221; background_position=&#8221;top_left&#8221; background_repeat=&#8221;repeat&#8221; background_size=&#8221;initial&#8221;][et_pb_column type=&#8221;1_3&#8243;][et_pb_text background_layout=&#8221;light&#8221; text_orientation=&#8221;left&#8221; border_style=&#8221;solid&#8221; background_position=&#8221;top_left&#8221; background_repeat=&#8221;repeat&#8221; background_size=&#8221;initial&#8221; _builder_version=&#8221;3.0.71&#8243;]<\/p>\n<p>Made of <strong>tradition<\/strong> and <strong>modernity<\/strong>, of old and new, of <strong>technical skills<\/strong> and soul; the creative production of the African continent has integrated various external influences to which it was exposed, thereby reflecting numerous foreign traditions in its own work.<\/p>\n<p>[\/et_pb_text][et_pb_testimonial background_color=&#8221;#2b1d18&#8243; text_orientation=&#8221;center&#8221; body_line_height=&#8221;1.7em&#8221; background_position=&#8221;top_left&#8221; background_repeat=&#8221;repeat&#8221; background_size=&#8221;initial&#8221; _builder_version=&#8221;3.0.71&#8243; url_new_window=&#8221;off&#8221; quote_icon=&#8221;on&#8221; use_background_color=&#8221;on&#8221; quote_icon_background_color=&#8221;#ffffff&#8221; background_layout=&#8221;light&#8221; border_style=&#8221;solid&#8221;]<\/p>\n<p><em>The sensory impregnation of African design and its evocative power, its beauty and its mystery, are reminiscent of the universe<\/em><\/p>\n<p>[\/et_pb_testimonial][et_pb_image _builder_version=&#8221;3.0.71&#8243; src=&#8221;https:\/\/muntuworld.org\/wp-content\/uploads\/2017\/03\/AfricaRemix-MoodBoard3.jpg&#8221; show_in_lightbox=&#8221;off&#8221; url_new_window=&#8221;off&#8221; use_overlay=&#8221;off&#8221; sticky=&#8221;off&#8221; align=&#8221;left&#8221; always_center_on_mobile=&#8221;on&#8221; border_style=&#8221;solid&#8221; force_fullwidth=&#8221;off&#8221; animation=&#8221;off&#8221; \/][et_pb_text _builder_version=&#8221;3.0.71&#8243; background_layout=&#8221;light&#8221; text_orientation=&#8221;left&#8221; border_style=&#8221;solid&#8221;]<\/p>\n<p>We can find a legacy of exceptional craftsmanship, the ability to transpose fine details with manual skills that are difficult to reproduce by machine, and a sense of exclusivity that makes almost every product an original object.<\/p>\n<p>Coherent in the common intellectual and cultural heritage of mankind, for which he was the co-producer, he is today demonstrating a strong desire to participate in this common adventure by drawing on best practices. It is on this basis that we today find a generation of African designers who translate his vision of the world and of modern Africa, its vitality, but also its diversity and its soul.<\/p>\n<p>Fluidity, movability, impermanence, possible reconfigurations, the deviation of objects from their usual uses, organised and ingenious chaos, African design is therefore a syncretic movement whose sole task is to produce that which is functional and beautiful.<\/p>\n<p>Through their work, they offer the possibility of re-energizing themselves, starting from the essential, the vital, before designing new futures. These African designers consciously orient their work towards real sustainable changes for the fulfillment of others.<\/p>\n<p>[\/et_pb_text][\/et_pb_column][et_pb_column type=&#8221;1_3&#8243;][et_pb_video _builder_version=&#8221;3.0.51&#8243; src=&#8221;https:\/\/www.youtube.com\/watch?v=krsbvuNGxz4&#8243; image_src=&#8221;https:\/\/muntuworld.org\/wp-content\/uploads\/2017\/05\/IMG_7320.jpg&#8221; \/][et_pb_text _builder_version=&#8221;3.0.71&#8243; background_layout=&#8221;light&#8221; text_orientation=&#8221;left&#8221; border_style=&#8221;solid&#8221;]<\/p>\n<p>Style, fashion and design in general are those particular areas where one would find <strong>African ingenuity<\/strong>, in its creative shapes and its aptitude to <strong>synthesise<\/strong>, <strong>recycle<\/strong> and <strong>remodel<\/strong><em>.<\/em>\u00a0Seeking inspiration, designers from the African continent are permanently seeking from within their own heritages and with the will to respect the old and the new. Learning and experimentation are their new motto. They bring new life to old techniques, adapting them to new materials or developing new uses for them.<\/p>\n<p>Presented as an \u2018<strong>inclusive<\/strong> and <strong>responsible<\/strong> design responding to <strong>societal needs<\/strong>, a design for and with society\u2019 by Professor Mungendi K.M\u2019Rithaa [1], African design today is developing its innovative approaches to create sophisticated products while maintaining its attachment to its excellent heritage as artisanal products.<\/p>\n<p>[\/et_pb_text][et_pb_image _builder_version=&#8221;3.0.51&#8243; src=&#8221;https:\/\/muntuworld.org\/wp-content\/uploads\/2017\/03\/contemporarydesign-africa-823&#215;1024.jpg&#8221; show_in_lightbox=&#8221;off&#8221; url_new_window=&#8221;off&#8221; use_overlay=&#8221;off&#8221; sticky=&#8221;off&#8221; align=&#8221;left&#8221; always_center_on_mobile=&#8221;on&#8221; border_style=&#8221;solid&#8221; force_fullwidth=&#8221;off&#8221; animation=&#8221;off&#8221; \/][\/et_pb_column][et_pb_column type=&#8221;1_3&#8243;][et_pb_sidebar _builder_version=&#8221;3.0.69&#8243; area=&#8221;et_pb_widget_area_1&#8243; orientation=&#8221;right&#8221; background_layout=&#8221;light&#8221; \/][\/et_pb_column][\/et_pb_row][et_pb_row admin_label=&#8221;row&#8221; custom_padding=&#8221;27px|0px|28px|0px&#8221; background_position=&#8221;top_left&#8221; background_repeat=&#8221;repeat&#8221; background_size=&#8221;initial&#8221;][et_pb_column type=&#8221;4_4&#8243;][et_pb_divider color=&#8221;#572b17&#8243; show_divider=&#8221;on&#8221; divider_style=&#8221;dotted&#8221; divider_position=&#8221;top&#8221; divider_weight=&#8221;2px&#8221; hide_on_mobile=&#8221;off&#8221; _builder_version=&#8221;3.0.49&#8243; \/][\/et_pb_column][\/et_pb_row][\/et_pb_section][et_pb_section bb_built=&#8221;1&#8243; fullwidth=&#8221;off&#8221; specialty=&#8221;off&#8221;][et_pb_row background_position=&#8221;top_left&#8221; background_repeat=&#8221;repeat&#8221; background_size=&#8221;initial&#8221;][et_pb_column type=&#8221;4_4&#8243;][et_pb_dpblog_portfolio _builder_version=&#8221;3.0.71&#8243; fullwidth=&#8221;list&#8221; custom_post_types=&#8221;blog_createur&#8221; show_title=&#8221;on&#8221; lightbox=&#8221;off&#8221; popup=&#8221;off&#8221; custom_url=&#8221;off&#8221; custom_fields=&#8221;off&#8221; show_categories=&#8221;off&#8221; show_date=&#8221;on&#8221; show_excerpt=&#8221;on&#8221; show_more=&#8221;off&#8221; show_pagination=&#8221;on&#8221; background_layout=&#8221;light&#8221; border_style=&#8221;solid&#8221; use_border_color=&#8221;on&#8221; border_width=&#8221;0px&#8221; title_font_size=&#8221;21&#8243; \/][\/et_pb_column][\/et_pb_row][\/et_pb_section]<\/p>\n","protected":false},"excerpt":{"rendered":"<p>MUNTU Design African Design, contemporary amalgamated aesthetics Made of tradition and modernity, of old and new, of technical skills and soul; the creative production of the African continent has integrated [&hellip;]<\/p>\n","protected":false},"author":1,"featured_media":0,"parent":0,"menu_order":0,"comment_status":"closed","ping_status":"closed","template":"","meta":{"_et_pb_use_builder":"on","_et_pb_old_content":"","_et_gb_content_width":"","footnotes":""},"class_list":["post-520293","page","type-page","status-publish","hentry"],"yoast_head":"<!-- This site is optimized with the Yoast SEO plugin v26.6 - https:\/\/yoast.com\/wordpress\/plugins\/seo\/ -->\n<title>MUNTU Design - Muntu Design<\/title>\n<meta name=\"description\" content=\"L\u2019h\u00e9ritage d\u2019un travail artisanal d\u2019une exceptionnelle qualit\u00e9, la capacit\u00e9 de transposer de fins d\u00e9tails gr\u00e2ce \u00e0 des talents manuels difficiles \u00e0\" \/>\n<meta name=\"robots\" content=\"index, follow, max-snippet:-1, max-image-preview:large, max-video-preview:-1\" \/>\n<link rel=\"canonical\" href=\"https:\/\/muntudesign.com\/en\/muntudesign\/\" \/>\n<meta property=\"og:locale\" content=\"en_US\" \/>\n<meta property=\"og:type\" content=\"article\" \/>\n<meta property=\"og:title\" content=\"MUNTU Design - Muntu Design\" \/>\n<meta property=\"og:description\" content=\"L\u2019h\u00e9ritage d\u2019un travail artisanal d\u2019une exceptionnelle qualit\u00e9, la capacit\u00e9 de transposer de fins d\u00e9tails gr\u00e2ce \u00e0 des talents manuels difficiles \u00e0\" \/>\n<meta property=\"og:url\" content=\"https:\/\/muntudesign.com\/en\/muntudesign\/\" \/>\n<meta property=\"og:site_name\" content=\"Muntu Design\" \/>\n<meta property=\"article:publisher\" content=\"https:\/\/www.facebook.com\/MuntuWorld\/\" \/>\n<meta property=\"article:modified_time\" content=\"2017-08-29T07:41:07+00:00\" \/>\n<meta name=\"twitter:card\" content=\"summary_large_image\" \/>\n<meta name=\"twitter:site\" content=\"@muntuworld\" \/>\n<meta name=\"twitter:label1\" content=\"Est. reading time\" \/>\n\t<meta name=\"twitter:data1\" content=\"5 minutes\" \/>\n<script type=\"application\/ld+json\" class=\"yoast-schema-graph\">{\"@context\":\"https:\/\/schema.org\",\"@graph\":[{\"@type\":\"WebPage\",\"@id\":\"https:\/\/muntudesign.com\/en\/muntudesign\/\",\"url\":\"https:\/\/muntudesign.com\/en\/muntudesign\/\",\"name\":\"MUNTU Design - Muntu Design\",\"isPartOf\":{\"@id\":\"https:\/\/muntudesign.com\/#website\"},\"datePublished\":\"2017-06-13T09:00:37+00:00\",\"dateModified\":\"2017-08-29T07:41:07+00:00\",\"description\":\"L\u2019h\u00e9ritage d\u2019un travail artisanal d\u2019une exceptionnelle qualit\u00e9, la capacit\u00e9 de transposer de fins d\u00e9tails gr\u00e2ce \u00e0 des talents manuels difficiles \u00e0\",\"breadcrumb\":{\"@id\":\"https:\/\/muntudesign.com\/en\/muntudesign\/#breadcrumb\"},\"inLanguage\":\"en-US\",\"potentialAction\":[{\"@type\":\"ReadAction\",\"target\":[\"https:\/\/muntudesign.com\/en\/muntudesign\/\"]}]},{\"@type\":\"BreadcrumbList\",\"@id\":\"https:\/\/muntudesign.com\/en\/muntudesign\/#breadcrumb\",\"itemListElement\":[{\"@type\":\"ListItem\",\"position\":1,\"name\":\"Accueil\",\"item\":\"https:\/\/muntudesign.com\/en\/accueil-2\/\"},{\"@type\":\"ListItem\",\"position\":2,\"name\":\"MUNTU Design\"}]},{\"@type\":\"WebSite\",\"@id\":\"https:\/\/muntudesign.com\/#website\",\"url\":\"https:\/\/muntudesign.com\/\",\"name\":\"Muntu Design\",\"description\":\"Contemporary African Design\",\"publisher\":{\"@id\":\"https:\/\/muntudesign.com\/#organization\"},\"potentialAction\":[{\"@type\":\"SearchAction\",\"target\":{\"@type\":\"EntryPoint\",\"urlTemplate\":\"https:\/\/muntudesign.com\/?s={search_term_string}\"},\"query-input\":{\"@type\":\"PropertyValueSpecification\",\"valueRequired\":true,\"valueName\":\"search_term_string\"}}],\"inLanguage\":\"en-US\"},{\"@type\":\"Organization\",\"@id\":\"https:\/\/muntudesign.com\/#organization\",\"name\":\"Muntu Design\",\"url\":\"https:\/\/muntudesign.com\/\",\"logo\":{\"@type\":\"ImageObject\",\"inLanguage\":\"en-US\",\"@id\":\"https:\/\/muntudesign.com\/#\/schema\/logo\/image\/\",\"url\":\"https:\/\/muntudesign.com\/wp-content\/uploads\/2017\/03\/logo-munut-artistique.png\",\"contentUrl\":\"https:\/\/muntudesign.com\/wp-content\/uploads\/2017\/03\/logo-munut-artistique.png\",\"width\":1024,\"height\":1192,\"caption\":\"Muntu Design\"},\"image\":{\"@id\":\"https:\/\/muntudesign.com\/#\/schema\/logo\/image\/\"},\"sameAs\":[\"https:\/\/www.facebook.com\/MuntuWorld\/\",\"https:\/\/x.com\/muntuworld\"]}]}<\/script>\n<!-- \/ Yoast SEO plugin. -->","yoast_head_json":{"title":"MUNTU Design - Muntu Design","description":"L\u2019h\u00e9ritage d\u2019un travail artisanal d\u2019une exceptionnelle qualit\u00e9, la capacit\u00e9 de transposer de fins d\u00e9tails gr\u00e2ce \u00e0 des talents manuels difficiles \u00e0","robots":{"index":"index","follow":"follow","max-snippet":"max-snippet:-1","max-image-preview":"max-image-preview:large","max-video-preview":"max-video-preview:-1"},"canonical":"https:\/\/muntudesign.com\/en\/muntudesign\/","og_locale":"en_US","og_type":"article","og_title":"MUNTU Design - Muntu Design","og_description":"L\u2019h\u00e9ritage d\u2019un travail artisanal d\u2019une exceptionnelle qualit\u00e9, la capacit\u00e9 de transposer de fins d\u00e9tails gr\u00e2ce \u00e0 des talents manuels difficiles \u00e0","og_url":"https:\/\/muntudesign.com\/en\/muntudesign\/","og_site_name":"Muntu Design","article_publisher":"https:\/\/www.facebook.com\/MuntuWorld\/","article_modified_time":"2017-08-29T07:41:07+00:00","twitter_card":"summary_large_image","twitter_site":"@muntuworld","twitter_misc":{"Est. reading time":"5 minutes"},"schema":{"@context":"https:\/\/schema.org","@graph":[{"@type":"WebPage","@id":"https:\/\/muntudesign.com\/en\/muntudesign\/","url":"https:\/\/muntudesign.com\/en\/muntudesign\/","name":"MUNTU Design - Muntu Design","isPartOf":{"@id":"https:\/\/muntudesign.com\/#website"},"datePublished":"2017-06-13T09:00:37+00:00","dateModified":"2017-08-29T07:41:07+00:00","description":"L\u2019h\u00e9ritage d\u2019un travail artisanal d\u2019une exceptionnelle qualit\u00e9, la capacit\u00e9 de transposer de fins d\u00e9tails gr\u00e2ce \u00e0 des talents manuels difficiles \u00e0","breadcrumb":{"@id":"https:\/\/muntudesign.com\/en\/muntudesign\/#breadcrumb"},"inLanguage":"en-US","potentialAction":[{"@type":"ReadAction","target":["https:\/\/muntudesign.com\/en\/muntudesign\/"]}]},{"@type":"BreadcrumbList","@id":"https:\/\/muntudesign.com\/en\/muntudesign\/#breadcrumb","itemListElement":[{"@type":"ListItem","position":1,"name":"Accueil","item":"https:\/\/muntudesign.com\/en\/accueil-2\/"},{"@type":"ListItem","position":2,"name":"MUNTU Design"}]},{"@type":"WebSite","@id":"https:\/\/muntudesign.com\/#website","url":"https:\/\/muntudesign.com\/","name":"Muntu Design","description":"Contemporary African Design","publisher":{"@id":"https:\/\/muntudesign.com\/#organization"},"potentialAction":[{"@type":"SearchAction","target":{"@type":"EntryPoint","urlTemplate":"https:\/\/muntudesign.com\/?s={search_term_string}"},"query-input":{"@type":"PropertyValueSpecification","valueRequired":true,"valueName":"search_term_string"}}],"inLanguage":"en-US"},{"@type":"Organization","@id":"https:\/\/muntudesign.com\/#organization","name":"Muntu Design","url":"https:\/\/muntudesign.com\/","logo":{"@type":"ImageObject","inLanguage":"en-US","@id":"https:\/\/muntudesign.com\/#\/schema\/logo\/image\/","url":"https:\/\/muntudesign.com\/wp-content\/uploads\/2017\/03\/logo-munut-artistique.png","contentUrl":"https:\/\/muntudesign.com\/wp-content\/uploads\/2017\/03\/logo-munut-artistique.png","width":1024,"height":1192,"caption":"Muntu Design"},"image":{"@id":"https:\/\/muntudesign.com\/#\/schema\/logo\/image\/"},"sameAs":["https:\/\/www.facebook.com\/MuntuWorld\/","https:\/\/x.com\/muntuworld"]}]}},"_links":{"self":[{"href":"https:\/\/muntudesign.com\/en\/wp-json\/wp\/v2\/pages\/520293","targetHints":{"allow":["GET"]}}],"collection":[{"href":"https:\/\/muntudesign.com\/en\/wp-json\/wp\/v2\/pages"}],"about":[{"href":"https:\/\/muntudesign.com\/en\/wp-json\/wp\/v2\/types\/page"}],"author":[{"embeddable":true,"href":"https:\/\/muntudesign.com\/en\/wp-json\/wp\/v2\/users\/1"}],"replies":[{"embeddable":true,"href":"https:\/\/muntudesign.com\/en\/wp-json\/wp\/v2\/comments?post=520293"}],"version-history":[{"count":0,"href":"https:\/\/muntudesign.com\/en\/wp-json\/wp\/v2\/pages\/520293\/revisions"}],"wp:attachment":[{"href":"https:\/\/muntudesign.com\/en\/wp-json\/wp\/v2\/media?parent=520293"}],"curies":[{"name":"wp","href":"https:\/\/api.w.org\/{rel}","templated":true}]}}