{"id":520311,"date":"2017-05-09T13:02:08","date_gmt":"2017-05-09T11:02:08","guid":{"rendered":"https:\/\/muntuworld.org\/muntuschool\/"},"modified":"2017-08-29T10:10:12","modified_gmt":"2017-08-29T08:10:12","slug":"muntuschool","status":"publish","type":"page","link":"https:\/\/muntudesign.com\/en\/muntuschool\/","title":{"rendered":"MUNTU School"},"content":{"rendered":"<p>[et_pb_section bb_built=&#8221;1&#8243; transparent_background=&#8221;on&#8221; custom_padding=&#8221;86px|0px|0px|0px&#8221; module_id=&#8221;blog&#8221;][et_pb_row admin_label=&#8221;row&#8221; custom_padding=&#8221;27px|0px|21px|0px&#8221; background_position=&#8221;top_left&#8221; background_repeat=&#8221;repeat&#8221; background_size=&#8221;initial&#8221;][et_pb_column type=&#8221;4_4&#8243;][et_pb_text text_orientation=&#8221;center&#8221; header_font=&#8221;Abel||||&#8221; header_font_size=&#8221;20px&#8221; text_font=&#8221;Abel||||&#8221; text_font_size=&#8221;40px&#8221; text_text_color=&#8221;#572b17&#8243; text_letter_spacing=&#8221;5px&#8221; background_position=&#8221;top_left&#8221; background_repeat=&#8221;repeat&#8221; background_size=&#8221;initial&#8221; _builder_version=&#8221;3.0.71&#8243; background_layout=&#8221;light&#8221; border_style=&#8221;solid&#8221;]<\/p>\n<p>Muntu School<\/p>\n<p>[\/et_pb_text][\/et_pb_column][\/et_pb_row][et_pb_row admin_label=&#8221;row&#8221; custom_padding=&#8221;27px|0px|0px|0px&#8221; background_position=&#8221;top_left&#8221; background_repeat=&#8221;repeat&#8221; background_size=&#8221;initial&#8221;][et_pb_column type=&#8221;4_4&#8243;][et_pb_divider color=&#8221;#572b17&#8243; show_divider=&#8221;on&#8221; divider_style=&#8221;dotted&#8221; divider_position=&#8221;top&#8221; divider_weight=&#8221;2px&#8221; hide_on_mobile=&#8221;off&#8221; \/][\/et_pb_column][\/et_pb_row][et_pb_row admin_label=&#8221;row&#8221; custom_padding=&#8221;78px|0px|15px|0px&#8221; background_position=&#8221;top_left&#8221; background_repeat=&#8221;repeat&#8221; background_size=&#8221;initial&#8221;][et_pb_column type=&#8221;1_2&#8243;][et_pb_text background_layout=&#8221;light&#8221; text_orientation=&#8221;left&#8221; border_style=&#8221;solid&#8221; background_position=&#8221;top_left&#8221; background_repeat=&#8221;repeat&#8221; background_size=&#8221;initial&#8221; _builder_version=&#8221;3.0.71&#8243;]<\/p>\n<p><strong>MUNTU SCHOOL <\/strong>is the communication space of <strong>MUNTU WORLD<\/strong> aimed at children and adults. It\u2019s objective: to contribute to transfer knowledge and prepare future generations, to open broader universes and endless possibilities\u2026<\/p>\n<p>[\/et_pb_text][et_pb_testimonial background_layout=&#8221;light&#8221; text_orientation=&#8221;center&#8221; url_new_window=&#8221;off&#8221; quote_icon=&#8221;on&#8221; use_background_color=&#8221;off&#8221; border_style=&#8221;solid&#8221; background_position=&#8221;top_left&#8221; background_repeat=&#8221;repeat&#8221; background_size=&#8221;initial&#8221; _builder_version=&#8221;3.0.71&#8243; quote_icon_background_color=&#8221;#f5f5f5&#8243;]<\/p>\n<p style=\"text-align: center;\"><em>It takes a whole village to educate a child&#8230;<br \/>\n<\/em><\/p>\n<p style=\"text-align: center;\"><strong><em>African oral tradition<\/em><\/strong><\/p>\n<p>[\/et_pb_testimonial][et_pb_text background_layout=&#8221;light&#8221; text_orientation=&#8221;left&#8221; border_style=&#8221;solid&#8221; background_position=&#8221;top_left&#8221; background_repeat=&#8221;repeat&#8221; background_size=&#8221;initial&#8221; _builder_version=&#8221;3.0.71&#8243;]<\/p>\n<p>Starting with the <strong>relationships with others<\/strong>, with oneself and gaining confidence in the mastery of speaking, <strong>MUNTU SCHOOL <\/strong>organises activities for <strong>children and parents<\/strong> using, among other things, <strong>African culture<\/strong> as the direction towards <strong>new ways of learning<\/strong>.<\/p>\n<p>&nbsp;<\/p>\n<p>&nbsp;<\/p>\n<p>&nbsp;<\/p>\n<p>[\/et_pb_text][\/et_pb_column][et_pb_column type=&#8221;1_2&#8243;][et_pb_image src=&#8221;https:\/\/muntuworld.org\/wp-content\/uploads\/2016\/09\/muntu5.jpg&#8221; show_in_lightbox=&#8221;off&#8221; url_new_window=&#8221;off&#8221; use_overlay=&#8221;off&#8221; sticky=&#8221;off&#8221; align=&#8221;left&#8221; always_center_on_mobile=&#8221;on&#8221; use_border_color=&#8221;off&#8221; border_color=&#8221;#ffffff&#8221; border_style=&#8221;solid&#8221; force_fullwidth=&#8221;off&#8221; animation=&#8221;off&#8221; \/][et_pb_testimonial background_layout=&#8221;light&#8221; text_orientation=&#8221;center&#8221; url_new_window=&#8221;off&#8221; quote_icon=&#8221;on&#8221; use_background_color=&#8221;off&#8221; border_style=&#8221;solid&#8221; background_position=&#8221;top_left&#8221; background_repeat=&#8221;repeat&#8221; background_size=&#8221;initial&#8221; _builder_version=&#8221;3.0.71&#8243; quote_icon_background_color=&#8221;#f5f5f5&#8243;]<\/p>\n<p style=\"text-align: center;\"><em>If you want to preserve knowledge and have it travel through time (\u2026) give it to the children<\/em><\/p>\n<p style=\"text-align: center;\"><strong><em>An old Bambara saying quoted by Amadou Hamp\u00e2t\u00e9 B\u00e2<\/em><\/strong><\/p>\n<p>[\/et_pb_testimonial][\/et_pb_column][\/et_pb_row][\/et_pb_section][et_pb_section bb_built=&#8221;1&#8243;][et_pb_row custom_padding=&#8221;9px|0px|27px|0px&#8221; background_position=&#8221;top_left&#8221; background_repeat=&#8221;repeat&#8221; background_size=&#8221;initial&#8221;][et_pb_column type=&#8221;4_4&#8243;][et_pb_text admin_label=&#8221;Nos prochains \u00e9v\u00e9nements&#8221; header_font=&#8221;Abel||||&#8221; text_font=&#8221;Abel||||&#8221; text_font_size=&#8221;28px&#8221; text_text_color=&#8221;#572b17&#8243; text_letter_spacing=&#8221;5px&#8221; background_layout=&#8221;light&#8221; text_orientation=&#8221;left&#8221; border_style=&#8221;solid&#8221; background_position=&#8221;top_left&#8221; background_repeat=&#8221;repeat&#8221; background_size=&#8221;initial&#8221; _builder_version=&#8221;3.0.71&#8243;]<\/p>\n<p>Our next activities<\/p>\n<p>[\/et_pb_text][et_pb_divider color=&#8221;#572b17&#8243; show_divider=&#8221;on&#8221; divider_style=&#8221;dotted&#8221; divider_position=&#8221;top&#8221; divider_weight=&#8221;2px&#8221; hide_on_mobile=&#8221;off&#8221; \/][\/et_pb_column][\/et_pb_row][et_pb_row background_color=&#8221;#2b1d18&#8243; parallax_method_1=&#8221;off&#8221; parallax_method_2=&#8221;off&#8221; background_position=&#8221;top_left&#8221; background_repeat=&#8221;repeat&#8221; background_size=&#8221;initial&#8221;][et_pb_column type=&#8221;1_3&#8243;][et_pb_image src=&#8221;https:\/\/muntuworld.org\/wp-content\/uploads\/2017\/05\/Banni\u00e8re-Muntu_216pix.jpg&#8221; animation=&#8221;bottom&#8221; custom_margin=&#8221;|||20px&#8221; show_in_lightbox=&#8221;off&#8221; url_new_window=&#8221;off&#8221; use_overlay=&#8221;off&#8221; sticky=&#8221;off&#8221; align=&#8221;left&#8221; always_center_on_mobile=&#8221;on&#8221; use_border_color=&#8221;off&#8221; border_color=&#8221;#ffffff&#8221; border_style=&#8221;solid&#8221; force_fullwidth=&#8221;off&#8221; \/][\/et_pb_column][et_pb_column type=&#8221;2_3&#8243;][et_pb_text background_layout=&#8221;dark&#8221; header_text_color=&#8221;#2b1d18&#8243; text_text_color=&#8221;#ffffff&#8221; text_orientation=&#8221;left&#8221; border_style=&#8221;solid&#8221; background_position=&#8221;top_left&#8221; background_repeat=&#8221;repeat&#8221; background_size=&#8221;initial&#8221; _builder_version=&#8221;3.0.71&#8243;]<\/p>\n<h2>MUNTUfulness<\/h2>\n<h4><em>Mindfulness practical sessions parents\/children<\/em><\/h4>\n<p>To disconnect from our never-stopping life while consolidating our most precious connections to the present with our children&#8230;<\/p>\n<p>Where? <a href=\"\/?page_id=11352\" target=\"_blank\" rel=\"noopener noreferrer\">Espace MUNTU WORLD<\/a><br \/>\nGuide: Bettina Neukam (Eline Snel certified)<br \/>\nWhen? As from September 9, 2017<br \/>\nPour en savoir plus <a href=\"mailto:info@muntuworld.org\">info@muntuworld.org<\/a><\/p>\n<p>[\/et_pb_text][\/et_pb_column][\/et_pb_row][\/et_pb_section][et_pb_section bb_built=&#8221;1&#8243; transparent_background=&#8221;on&#8221; custom_padding=&#8221;2px|0px|54px|0px&#8221; module_id=&#8221;blog&#8221; disabled_on=&#8221;on|on|on&#8221; disabled=&#8221;on&#8221;][et_pb_row admin_label=&#8221;row&#8221; custom_padding=&#8221;27px|0px|55px|0px&#8221;][et_pb_column type=&#8221;4_4&#8243;][et_pb_divider color=&#8221;#572b17&#8243; show_divider=&#8221;on&#8221; divider_style=&#8221;dotted&#8221; divider_position=&#8221;top&#8221; divider_weight=&#8221;2px&#8221; hide_on_mobile=&#8221;off&#8221; \/][\/et_pb_column][\/et_pb_row][et_pb_row admin_label=&#8221;row&#8221; custom_padding=&#8221;0px|0px|21px|0px&#8221;][et_pb_column type=&#8221;4_4&#8243;][et_pb_text text_orientation=&#8221;center&#8221; header_font=&#8221;Abel||||&#8221; header_font_size=&#8221;20px&#8221; text_font=&#8221;Abel||||&#8221; text_font_size=&#8221;40px&#8221; text_text_color=&#8221;#572b17&#8243; text_letter_spacing=&#8221;5px&#8221; background_position=&#8221;top_left&#8221; background_repeat=&#8221;repeat&#8221; background_size=&#8221;initial&#8221; _builder_version=&#8221;3.0.71&#8243;] Nos derniers articles\u00a0Muntu Kids [\/et_pb_text][\/et_pb_column][\/et_pb_row][et_pb_row admin_label=&#8221;row&#8221;][et_pb_column type=&#8221;4_4&#8243;][et_pb_divider color=&#8221;#572b17&#8243; show_divider=&#8221;on&#8221; divider_style=&#8221;dotted&#8221; divider_position=&#8221;top&#8221; divider_weight=&#8221;2px&#8221; hide_on_mobile=&#8221;off&#8221; \/][\/et_pb_column][\/et_pb_row][et_pb_row custom_padding=&#8221;40px|0px|27px|0px&#8221;][et_pb_column type=&#8221;4_4&#8243;][et_pb_blog fullwidth=&#8221;off&#8221; posts_number=&#8221;3&#8243; include_categories=&#8221;42&#8243; meta_date=&#8221;j M, Y&#8221; show_more=&#8221;on&#8221; show_author=&#8221;off&#8221; show_comments=&#8221;off&#8221; show_pagination=&#8221;off&#8221; offset_number=&#8221;0&#8243; use_overlay=&#8221;on&#8221; overlay_icon_color=&#8221;#cd996d&#8221; hover_overlay_color=&#8221;rgba(87,43,23,0.75)&#8221; hover_icon=&#8221;%%43%%&#8221; show_content=&#8221;off&#8221; show_thumbnail=&#8221;on&#8221; show_date=&#8221;on&#8221; show_categories=&#8221;off&#8221; use_dropshadow=&#8221;off&#8221; background_layout=&#8221;light&#8221; use_border_color=&#8221;off&#8221; border_color=&#8221;#ffffff&#8221; border_style=&#8221;solid&#8221; \/][\/et_pb_column][\/et_pb_row][et_pb_row][et_pb_column type=&#8221;1_4&#8243;][\/et_pb_column][et_pb_column type=&#8221;1_2&#8243;][et_pb_button button_url=&#8221;\/category\/Kids\/&#8221; button_text=&#8221;Voir tous les articles Muntu Kids&#8221; button_alignment=&#8221;center&#8221; custom_button=&#8221;on&#8221; button_text_size=&#8221;22px&#8221; button_text_color=&#8221;#cd996d&#8221; button_bg_color=&#8221;#2b1d18&#8243; button_border_width=&#8221;0&#8243; button_icon_color=&#8221;#cd996d&#8221; button_text_color_hover=&#8221;#cd996d&#8221; button_bg_color_hover=&#8221;#2b1d18&#8243; background_color=&#8221;#332a27&#8243; \/][\/et_pb_column][et_pb_column type=&#8221;1_4&#8243;][\/et_pb_column][\/et_pb_row][\/et_pb_section]<\/p>\n","protected":false},"excerpt":{"rendered":"<p>Muntu School MUNTU SCHOOL is the communication space of MUNTU WORLD aimed at children and adults. It\u2019s objective: to contribute to transfer knowledge and prepare future generations, to open broader [&hellip;]<\/p>\n","protected":false},"author":1,"featured_media":0,"parent":0,"menu_order":0,"comment_status":"closed","ping_status":"closed","template":"","meta":{"_et_pb_use_builder":"on","_et_pb_old_content":"[gravityform id=\"1\" title=\"true\" description=\"true\" ajax=\"true\"]","_et_gb_content_width":"","footnotes":""},"class_list":["post-520311","page","type-page","status-publish","hentry"],"yoast_head":"<!-- This site is optimized with the Yoast SEO plugin v26.6 - https:\/\/yoast.com\/wordpress\/plugins\/seo\/ -->\n<title>MUNTU School - Muntu Design<\/title>\n<meta name=\"description\" content=\"MUNTU SCHOOL, l&#039;espace de transmission de MUNTU WORLD, o\u00f9 les connaissances se transmettent\" \/>\n<meta name=\"robots\" content=\"index, follow, max-snippet:-1, max-image-preview:large, max-video-preview:-1\" \/>\n<link rel=\"canonical\" href=\"https:\/\/muntudesign.com\/en\/muntuschool\/\" \/>\n<meta property=\"og:locale\" content=\"en_US\" \/>\n<meta property=\"og:type\" content=\"article\" \/>\n<meta property=\"og:title\" content=\"MUNTU School - Muntu Design\" \/>\n<meta property=\"og:description\" content=\"MUNTU SCHOOL, l&#039;espace de transmission de MUNTU WORLD, o\u00f9 les connaissances se transmettent\" \/>\n<meta property=\"og:url\" content=\"https:\/\/muntudesign.com\/en\/muntuschool\/\" \/>\n<meta property=\"og:site_name\" content=\"Muntu Design\" \/>\n<meta property=\"article:publisher\" content=\"https:\/\/www.facebook.com\/MuntuWorld\/\" \/>\n<meta property=\"article:modified_time\" content=\"2017-08-29T08:10:12+00:00\" \/>\n<meta name=\"twitter:card\" content=\"summary_large_image\" \/>\n<meta name=\"twitter:site\" content=\"@muntuworld\" \/>\n<meta name=\"twitter:label1\" content=\"Est. reading time\" \/>\n\t<meta name=\"twitter:data1\" content=\"6 minutes\" \/>\n<script type=\"application\/ld+json\" class=\"yoast-schema-graph\">{\"@context\":\"https:\/\/schema.org\",\"@graph\":[{\"@type\":\"WebPage\",\"@id\":\"https:\/\/muntudesign.com\/en\/muntuschool\/\",\"url\":\"https:\/\/muntudesign.com\/en\/muntuschool\/\",\"name\":\"MUNTU School - Muntu Design\",\"isPartOf\":{\"@id\":\"https:\/\/muntudesign.com\/#website\"},\"datePublished\":\"2017-05-09T11:02:08+00:00\",\"dateModified\":\"2017-08-29T08:10:12+00:00\",\"description\":\"MUNTU SCHOOL, l'espace de transmission de MUNTU WORLD, o\u00f9 les connaissances se transmettent\",\"breadcrumb\":{\"@id\":\"https:\/\/muntudesign.com\/en\/muntuschool\/#breadcrumb\"},\"inLanguage\":\"en-US\",\"potentialAction\":[{\"@type\":\"ReadAction\",\"target\":[\"https:\/\/muntudesign.com\/en\/muntuschool\/\"]}]},{\"@type\":\"BreadcrumbList\",\"@id\":\"https:\/\/muntudesign.com\/en\/muntuschool\/#breadcrumb\",\"itemListElement\":[{\"@type\":\"ListItem\",\"position\":1,\"name\":\"Accueil\",\"item\":\"https:\/\/muntudesign.com\/en\/accueil-2\/\"},{\"@type\":\"ListItem\",\"position\":2,\"name\":\"MUNTU School\"}]},{\"@type\":\"WebSite\",\"@id\":\"https:\/\/muntudesign.com\/#website\",\"url\":\"https:\/\/muntudesign.com\/\",\"name\":\"Muntu Design\",\"description\":\"Contemporary African Design\",\"publisher\":{\"@id\":\"https:\/\/muntudesign.com\/#organization\"},\"potentialAction\":[{\"@type\":\"SearchAction\",\"target\":{\"@type\":\"EntryPoint\",\"urlTemplate\":\"https:\/\/muntudesign.com\/?s={search_term_string}\"},\"query-input\":{\"@type\":\"PropertyValueSpecification\",\"valueRequired\":true,\"valueName\":\"search_term_string\"}}],\"inLanguage\":\"en-US\"},{\"@type\":\"Organization\",\"@id\":\"https:\/\/muntudesign.com\/#organization\",\"name\":\"Muntu Design\",\"url\":\"https:\/\/muntudesign.com\/\",\"logo\":{\"@type\":\"ImageObject\",\"inLanguage\":\"en-US\",\"@id\":\"https:\/\/muntudesign.com\/#\/schema\/logo\/image\/\",\"url\":\"https:\/\/muntudesign.com\/wp-content\/uploads\/2017\/03\/logo-munut-artistique.png\",\"contentUrl\":\"https:\/\/muntudesign.com\/wp-content\/uploads\/2017\/03\/logo-munut-artistique.png\",\"width\":1024,\"height\":1192,\"caption\":\"Muntu Design\"},\"image\":{\"@id\":\"https:\/\/muntudesign.com\/#\/schema\/logo\/image\/\"},\"sameAs\":[\"https:\/\/www.facebook.com\/MuntuWorld\/\",\"https:\/\/x.com\/muntuworld\"]}]}<\/script>\n<!-- \/ Yoast SEO plugin. -->","yoast_head_json":{"title":"MUNTU School - Muntu Design","description":"MUNTU SCHOOL, l'espace de transmission de MUNTU WORLD, o\u00f9 les connaissances se transmettent","robots":{"index":"index","follow":"follow","max-snippet":"max-snippet:-1","max-image-preview":"max-image-preview:large","max-video-preview":"max-video-preview:-1"},"canonical":"https:\/\/muntudesign.com\/en\/muntuschool\/","og_locale":"en_US","og_type":"article","og_title":"MUNTU School - Muntu Design","og_description":"MUNTU SCHOOL, l'espace de transmission de MUNTU WORLD, o\u00f9 les connaissances se transmettent","og_url":"https:\/\/muntudesign.com\/en\/muntuschool\/","og_site_name":"Muntu Design","article_publisher":"https:\/\/www.facebook.com\/MuntuWorld\/","article_modified_time":"2017-08-29T08:10:12+00:00","twitter_card":"summary_large_image","twitter_site":"@muntuworld","twitter_misc":{"Est. reading time":"6 minutes"},"schema":{"@context":"https:\/\/schema.org","@graph":[{"@type":"WebPage","@id":"https:\/\/muntudesign.com\/en\/muntuschool\/","url":"https:\/\/muntudesign.com\/en\/muntuschool\/","name":"MUNTU School - Muntu Design","isPartOf":{"@id":"https:\/\/muntudesign.com\/#website"},"datePublished":"2017-05-09T11:02:08+00:00","dateModified":"2017-08-29T08:10:12+00:00","description":"MUNTU SCHOOL, l'espace de transmission de MUNTU WORLD, o\u00f9 les connaissances se transmettent","breadcrumb":{"@id":"https:\/\/muntudesign.com\/en\/muntuschool\/#breadcrumb"},"inLanguage":"en-US","potentialAction":[{"@type":"ReadAction","target":["https:\/\/muntudesign.com\/en\/muntuschool\/"]}]},{"@type":"BreadcrumbList","@id":"https:\/\/muntudesign.com\/en\/muntuschool\/#breadcrumb","itemListElement":[{"@type":"ListItem","position":1,"name":"Accueil","item":"https:\/\/muntudesign.com\/en\/accueil-2\/"},{"@type":"ListItem","position":2,"name":"MUNTU School"}]},{"@type":"WebSite","@id":"https:\/\/muntudesign.com\/#website","url":"https:\/\/muntudesign.com\/","name":"Muntu Design","description":"Contemporary African Design","publisher":{"@id":"https:\/\/muntudesign.com\/#organization"},"potentialAction":[{"@type":"SearchAction","target":{"@type":"EntryPoint","urlTemplate":"https:\/\/muntudesign.com\/?s={search_term_string}"},"query-input":{"@type":"PropertyValueSpecification","valueRequired":true,"valueName":"search_term_string"}}],"inLanguage":"en-US"},{"@type":"Organization","@id":"https:\/\/muntudesign.com\/#organization","name":"Muntu Design","url":"https:\/\/muntudesign.com\/","logo":{"@type":"ImageObject","inLanguage":"en-US","@id":"https:\/\/muntudesign.com\/#\/schema\/logo\/image\/","url":"https:\/\/muntudesign.com\/wp-content\/uploads\/2017\/03\/logo-munut-artistique.png","contentUrl":"https:\/\/muntudesign.com\/wp-content\/uploads\/2017\/03\/logo-munut-artistique.png","width":1024,"height":1192,"caption":"Muntu Design"},"image":{"@id":"https:\/\/muntudesign.com\/#\/schema\/logo\/image\/"},"sameAs":["https:\/\/www.facebook.com\/MuntuWorld\/","https:\/\/x.com\/muntuworld"]}]}},"_links":{"self":[{"href":"https:\/\/muntudesign.com\/en\/wp-json\/wp\/v2\/pages\/520311","targetHints":{"allow":["GET"]}}],"collection":[{"href":"https:\/\/muntudesign.com\/en\/wp-json\/wp\/v2\/pages"}],"about":[{"href":"https:\/\/muntudesign.com\/en\/wp-json\/wp\/v2\/types\/page"}],"author":[{"embeddable":true,"href":"https:\/\/muntudesign.com\/en\/wp-json\/wp\/v2\/users\/1"}],"replies":[{"embeddable":true,"href":"https:\/\/muntudesign.com\/en\/wp-json\/wp\/v2\/comments?post=520311"}],"version-history":[{"count":0,"href":"https:\/\/muntudesign.com\/en\/wp-json\/wp\/v2\/pages\/520311\/revisions"}],"wp:attachment":[{"href":"https:\/\/muntudesign.com\/en\/wp-json\/wp\/v2\/media?parent=520311"}],"curies":[{"name":"wp","href":"https:\/\/api.w.org\/{rel}","templated":true}]}}