{"id":520193,"date":"2017-03-26T21:51:18","date_gmt":"2017-03-26T19:51:18","guid":{"rendered":"https:\/\/muntuworld.org\/bemuntu\/"},"modified":"2018-12-06T12:15:00","modified_gmt":"2018-12-06T11:15:00","slug":"bemuntu","status":"publish","type":"page","link":"https:\/\/muntudesign.com\/es\/bemuntu\/","title":{"rendered":"BeMUNTU"},"content":{"rendered":"<p>[et_pb_section bb_built=\u00bb1&#8243; transparent_background=\u00bbon\u00bb custom_padding=\u00bb86px|0px|0px|0px\u00bb module_id=\u00bbblog\u00bb][et_pb_row admin_label=\u00bbrow\u00bb custom_padding=\u00bb27px|0px|21px|0px\u00bb background_position=\u00bbtop_left\u00bb background_repeat=\u00bbrepeat\u00bb background_size=\u00bbinitial\u00bb][et_pb_column type=\u00bb4_4&#8243;][et_pb_text text_orientation=\u00bbcenter\u00bb header_font=\u00bbAbel||||\u00bb header_font_size=\u00bb20px\u00bb text_font=\u00bbAbel||||\u00bb text_font_size=\u00bb40px\u00bb text_text_color=\u00bb#572b17&#8243; text_letter_spacing=\u00bb5px\u00bb background_layout=\u00bblight\u00bb border_style=\u00bbsolid\u00bb background_position=\u00bbtop_left\u00bb background_repeat=\u00bbrepeat\u00bb background_size=\u00bbinitial\u00bb _builder_version=\u00bb3.0.71&#8243;]<\/p>\n<p><strong>BeMuntu<\/strong>, the MUNTU WORLD project community<\/p>\n<p>[\/et_pb_text][\/et_pb_column][\/et_pb_row][et_pb_row admin_label=\u00bbrow\u00bb custom_padding=\u00bb27px|0px|0px|0px\u00bb background_position=\u00bbtop_left\u00bb background_repeat=\u00bbrepeat\u00bb background_size=\u00bbinitial\u00bb][et_pb_column type=\u00bb4_4&#8243;][et_pb_divider color=\u00bb#572b17&#8243; show_divider=\u00bbon\u00bb divider_style=\u00bbdotted\u00bb divider_position=\u00bbtop\u00bb divider_weight=\u00bb2px\u00bb hide_on_mobile=\u00bboff\u00bb \/][\/et_pb_column][\/et_pb_row][et_pb_row admin_label=\u00bbrow\u00bb custom_padding=\u00bb43px|0px|40px|0px\u00bb background_position=\u00bbtop_left\u00bb background_repeat=\u00bbrepeat\u00bb background_size=\u00bbinitial\u00bb][et_pb_column type=\u00bb2_3&#8243;][et_pb_text background_layout=\u00bblight\u00bb text_orientation=\u00bbleft\u00bb border_style=\u00bbsolid\u00bb background_position=\u00bbtop_left\u00bb background_repeat=\u00bbrepeat\u00bb background_size=\u00bbinitial\u00bb _builder_version=\u00bb3.0.71&#8243;]<\/p>\n<p><strong>Community<\/strong>, the foundation of all human life on Earth, is essential to mankind.<\/p>\n<p>In the same way, the BeMUNTU Community is essential to the <strong>MUNTU WORLD<\/strong> project. Constantly developing around the values defended by this project, it generates an energy which draws its members together, motivating and inspiring everyone. Its members are regularly surveyed and contacted for advice in order for this project to truly belong to them. Involved in more or less all of the stages of the project, the members of the BeMUNTU community become <strong>Privileged Ambassadors<\/strong> of it throughout all networks (both real and virtual).<\/p>\n<p>Belonging to the <strong>MUNTU WORLD<\/strong> project is<strong>\u00a0:<\/strong><\/p>\n<ul>\n<li>A need to <strong>dust off our heritage<\/strong> to get <strong>back to basics<\/strong> and maintain the vital essence so that we may <strong>experience a more unified relationship with the world<\/strong>;<\/li>\n<li>An intangible need to reconcile knowledge, <strong>to synthesise our worlds<\/strong>, only keeping that which is essential, that which in modernity and tradition liberate mankind and his creative strength to drive us forward together;<\/li>\n<li>Contribute towards <strong>building a new and common mindset<\/strong>, where interpersonal exchanges represent something other than quantity, optimisation and gluttony and where human relationships increase the quality and intensity of life to reconcile ourselves with our humanity<\/li>\n<\/ul>\n<p><strong>And finally, to bring together, unite and support the community around a common objective, to find our values and to integrate them into our daily lives<\/strong><\/p>\n<p><strong>Join us to contribute to and share the values of the project! !<\/strong><\/p>\n<p>[\/et_pb_text][et_pb_button button_url=\u00bb\/en\/inscription\u00bb button_text=\u00bbSign up !\u00bb button_alignment=\u00bbleft\u00bb button_border_width=\u00bb0&#8243; background_color=\u00bb#332a27&#8243; custom_button=\u00bbon\u00bb button_bg_color=\u00bb#2b1d18&#8243; button_text_size=\u00bb30px\u00bb button_text_color=\u00bb#cd996d\u00bb button_bg_color_hover=\u00bb#572b17&#8243; _builder_version=\u00bb3.0.71&#8243; url_new_window=\u00bboff\u00bb background_layout=\u00bblight\u00bb button_icon_placement=\u00bbright\u00bb button_letter_spacing_hover=\u00bb0&#8243; \/][\/et_pb_column][et_pb_column type=\u00bb1_3&#8243;][et_pb_image src=\u00bbhttps:\/\/muntuworld.org\/wp-content\/uploads\/2017\/03\/bemuntu-1.jpg\u00bb animation=\u00bbright\u00bb \/][\/et_pb_column][\/et_pb_row][\/et_pb_section][et_pb_section bb_built=\u00bb1&#8243; transparent_background=\u00bbon\u00bb custom_padding=\u00bb2px|0px|54px|0px\u00bb module_id=\u00bbblog\u00bb locked=\u00bboff\u00bb][et_pb_row admin_label=\u00bbrow\u00bb custom_padding=\u00bb27px|0px|55px|0px\u00bb parent_locked=\u00bboff\u00bb background_position=\u00bbtop_left\u00bb background_repeat=\u00bbrepeat\u00bb background_size=\u00bbinitial\u00bb][et_pb_column type=\u00bb4_4&#8243;][et_pb_divider color=\u00bb#572b17&#8243; show_divider=\u00bbon\u00bb divider_style=\u00bbdotted\u00bb divider_position=\u00bbtop\u00bb divider_weight=\u00bb2px\u00bb hide_on_mobile=\u00bboff\u00bb parent_locked=\u00bboff\u00bb \/][\/et_pb_column][\/et_pb_row][et_pb_row admin_label=\u00bbrow\u00bb custom_padding=\u00bb0px|0px|21px|0px\u00bb parent_locked=\u00bboff\u00bb background_position=\u00bbtop_left\u00bb background_repeat=\u00bbrepeat\u00bb background_size=\u00bbinitial\u00bb][et_pb_column type=\u00bb4_4&#8243;][et_pb_text text_orientation=\u00bbcenter\u00bb header_font=\u00bbAbel||||\u00bb header_font_size=\u00bb20px\u00bb text_font=\u00bbAbel||||\u00bb text_font_size=\u00bb40px\u00bb text_text_color=\u00bb#572b17&#8243; text_letter_spacing=\u00bb5px\u00bb parent_locked=\u00bboff\u00bb background_position=\u00bbtop_left\u00bb background_repeat=\u00bbrepeat\u00bb background_size=\u00bbinitial\u00bb _builder_version=\u00bb3.0.71&#8243; background_layout=\u00bblight\u00bb border_style=\u00bbsolid\u00bb]<\/p>\n<p>Our latest articles<\/p>\n<p>[\/et_pb_text][\/et_pb_column][\/et_pb_row][et_pb_row admin_label=\u00bbrow\u00bb parent_locked=\u00bboff\u00bb background_position=\u00bbtop_left\u00bb background_repeat=\u00bbrepeat\u00bb background_size=\u00bbinitial\u00bb][et_pb_column type=\u00bb4_4&#8243;][et_pb_divider color=\u00bb#572b17&#8243; show_divider=\u00bbon\u00bb divider_style=\u00bbdotted\u00bb divider_position=\u00bbtop\u00bb divider_weight=\u00bb2px\u00bb hide_on_mobile=\u00bboff\u00bb parent_locked=\u00bboff\u00bb \/][\/et_pb_column][\/et_pb_row][et_pb_row custom_padding=\u00bb40px|0px|27px|0px\u00bb parent_locked=\u00bboff\u00bb background_position=\u00bbtop_left\u00bb background_repeat=\u00bbrepeat\u00bb background_size=\u00bbinitial\u00bb][et_pb_column type=\u00bb4_4&#8243;][et_pb_blog fullwidth=\u00bboff\u00bb posts_number=\u00bb3&#8243; meta_date=\u00bbj M, Y\u00bb show_more=\u00bbon\u00bb show_author=\u00bboff\u00bb show_comments=\u00bboff\u00bb show_pagination=\u00bboff\u00bb offset_number=\u00bb0&#8243; use_overlay=\u00bbon\u00bb overlay_icon_color=\u00bb#cd996d\u00bb hover_overlay_color=\u00bbrgba(87,43,23,0.75)\u00bb hover_icon=\u00bb%%43%%\u00bb parent_locked=\u00bboff\u00bb show_content=\u00bboff\u00bb show_thumbnail=\u00bbon\u00bb show_date=\u00bbon\u00bb show_categories=\u00bboff\u00bb use_dropshadow=\u00bboff\u00bb background_layout=\u00bblight\u00bb border_style=\u00bbsolid\u00bb _builder_version=\u00bb3.0.71&#8243; \/][\/et_pb_column][\/et_pb_row][et_pb_row parent_locked=\u00bboff\u00bb background_position=\u00bbtop_left\u00bb background_repeat=\u00bbrepeat\u00bb background_size=\u00bbinitial\u00bb][et_pb_column type=\u00bb1_4&#8243;][\/et_pb_column][et_pb_column type=\u00bb1_2&#8243;][et_pb_button button_url=\u00bb\/category\/bemuntu\/\u00bb button_text=\u00bbAll articles BeMuntu\u00bb button_alignment=\u00bbcenter\u00bb custom_button=\u00bbon\u00bb button_text_size=\u00bb22px\u00bb button_text_color=\u00bb#cd996d\u00bb button_bg_color=\u00bb#2b1d18&#8243; button_border_width=\u00bb0&#8243; button_icon_color=\u00bb#cd996d\u00bb button_text_color_hover=\u00bb#cd996d\u00bb button_bg_color_hover=\u00bb#2b1d18&#8243; background_color=\u00bb#332a27&#8243; parent_locked=\u00bboff\u00bb _builder_version=\u00bb3.0.71&#8243; url_new_window=\u00bboff\u00bb background_layout=\u00bblight\u00bb button_icon_placement=\u00bbright\u00bb button_letter_spacing_hover=\u00bb0&#8243; \/][\/et_pb_column][et_pb_column type=\u00bb1_4&#8243;][\/et_pb_column][\/et_pb_row][\/et_pb_section]<\/p>\n","protected":false},"excerpt":{"rendered":"<p>BeMuntu, the MUNTU WORLD project community Community, the foundation of all human life on Earth, is essential to mankind. In the same way, the BeMUNTU Community is essential to the [&hellip;]<\/p>\n","protected":false},"author":1,"featured_media":0,"parent":0,"menu_order":0,"comment_status":"closed","ping_status":"closed","template":"","meta":{"_et_pb_use_builder":"on","_et_pb_old_content":"[gravityform id=\"1\" title=\"true\" description=\"true\" ajax=\"true\"]","_et_gb_content_width":"","footnotes":""},"class_list":["post-520193","page","type-page","status-publish","hentry"],"yoast_head":"<!-- This site is optimized with the Yoast SEO plugin v26.6 - https:\/\/yoast.com\/wordpress\/plugins\/seo\/ -->\n<title>BeMUNTU - Muntu Design<\/title>\n<meta name=\"description\" content=\"BeMuntu, the MUNTU WORLD project community. Community, the foundation of all human life on Earth, is essential to mankind.\" \/>\n<meta name=\"robots\" content=\"index, follow, max-snippet:-1, max-image-preview:large, max-video-preview:-1\" \/>\n<link rel=\"canonical\" href=\"https:\/\/muntudesign.com\/es\/bemuntu\/\" \/>\n<meta property=\"og:locale\" content=\"es_ES\" \/>\n<meta property=\"og:type\" content=\"article\" \/>\n<meta property=\"og:title\" content=\"It&#039;s time to Be MUNTU\" \/>\n<meta property=\"og:description\" content=\"Pendant trois semaines exceptionnelles, venez (re)d\u00e9couvrir l\u2019Afrique avec un regard nouveau et curieux, une oreille attentive aux inspirations et mod\u00e8les innovants en provenance de ce continent qui a tant \u00e0 donner et \u00e0 partager.\" \/>\n<meta property=\"og:url\" content=\"https:\/\/muntudesign.com\/es\/bemuntu\/\" \/>\n<meta property=\"og:site_name\" content=\"Muntu Design\" \/>\n<meta property=\"article:publisher\" content=\"https:\/\/www.facebook.com\/MuntuWorld\/\" \/>\n<meta property=\"article:modified_time\" content=\"2018-12-06T11:15:00+00:00\" \/>\n<meta name=\"twitter:card\" content=\"summary_large_image\" \/>\n<meta name=\"twitter:site\" content=\"@muntuworld\" \/>\n<meta name=\"twitter:label1\" content=\"Tiempo de lectura\" \/>\n\t<meta name=\"twitter:data1\" content=\"5 minutos\" \/>\n<script type=\"application\/ld+json\" class=\"yoast-schema-graph\">{\"@context\":\"https:\/\/schema.org\",\"@graph\":[{\"@type\":\"WebPage\",\"@id\":\"https:\/\/muntudesign.com\/es\/bemuntu\/\",\"url\":\"https:\/\/muntudesign.com\/es\/bemuntu\/\",\"name\":\"BeMUNTU - Muntu Design\",\"isPartOf\":{\"@id\":\"https:\/\/muntudesign.com\/#website\"},\"datePublished\":\"2017-03-26T19:51:18+00:00\",\"dateModified\":\"2018-12-06T11:15:00+00:00\",\"description\":\"BeMuntu, the MUNTU WORLD project community. Community, the foundation of all human life on Earth, is essential to mankind.\",\"breadcrumb\":{\"@id\":\"https:\/\/muntudesign.com\/es\/bemuntu\/#breadcrumb\"},\"inLanguage\":\"es\",\"potentialAction\":[{\"@type\":\"ReadAction\",\"target\":[\"https:\/\/muntudesign.com\/es\/bemuntu\/\"]}]},{\"@type\":\"BreadcrumbList\",\"@id\":\"https:\/\/muntudesign.com\/es\/bemuntu\/#breadcrumb\",\"itemListElement\":[{\"@type\":\"ListItem\",\"position\":1,\"name\":\"Accueil\",\"item\":\"https:\/\/muntudesign.com\/es\/\"},{\"@type\":\"ListItem\",\"position\":2,\"name\":\"BeMUNTU\"}]},{\"@type\":\"WebSite\",\"@id\":\"https:\/\/muntudesign.com\/#website\",\"url\":\"https:\/\/muntudesign.com\/\",\"name\":\"Muntu Design\",\"description\":\"Contemporary African Design\",\"publisher\":{\"@id\":\"https:\/\/muntudesign.com\/#organization\"},\"potentialAction\":[{\"@type\":\"SearchAction\",\"target\":{\"@type\":\"EntryPoint\",\"urlTemplate\":\"https:\/\/muntudesign.com\/?s={search_term_string}\"},\"query-input\":{\"@type\":\"PropertyValueSpecification\",\"valueRequired\":true,\"valueName\":\"search_term_string\"}}],\"inLanguage\":\"es\"},{\"@type\":\"Organization\",\"@id\":\"https:\/\/muntudesign.com\/#organization\",\"name\":\"Muntu Design\",\"url\":\"https:\/\/muntudesign.com\/\",\"logo\":{\"@type\":\"ImageObject\",\"inLanguage\":\"es\",\"@id\":\"https:\/\/muntudesign.com\/#\/schema\/logo\/image\/\",\"url\":\"https:\/\/muntudesign.com\/wp-content\/uploads\/2017\/03\/logo-munut-artistique.png\",\"contentUrl\":\"https:\/\/muntudesign.com\/wp-content\/uploads\/2017\/03\/logo-munut-artistique.png\",\"width\":1024,\"height\":1192,\"caption\":\"Muntu Design\"},\"image\":{\"@id\":\"https:\/\/muntudesign.com\/#\/schema\/logo\/image\/\"},\"sameAs\":[\"https:\/\/www.facebook.com\/MuntuWorld\/\",\"https:\/\/x.com\/muntuworld\"]}]}<\/script>\n<!-- \/ Yoast SEO plugin. -->","yoast_head_json":{"title":"BeMUNTU - Muntu Design","description":"BeMuntu, the MUNTU WORLD project community. Community, the foundation of all human life on Earth, is essential to mankind.","robots":{"index":"index","follow":"follow","max-snippet":"max-snippet:-1","max-image-preview":"max-image-preview:large","max-video-preview":"max-video-preview:-1"},"canonical":"https:\/\/muntudesign.com\/es\/bemuntu\/","og_locale":"es_ES","og_type":"article","og_title":"It's time to Be MUNTU","og_description":"Pendant trois semaines exceptionnelles, venez (re)d\u00e9couvrir l\u2019Afrique avec un regard nouveau et curieux, une oreille attentive aux inspirations et mod\u00e8les innovants en provenance de ce continent qui a tant \u00e0 donner et \u00e0 partager.","og_url":"https:\/\/muntudesign.com\/es\/bemuntu\/","og_site_name":"Muntu Design","article_publisher":"https:\/\/www.facebook.com\/MuntuWorld\/","article_modified_time":"2018-12-06T11:15:00+00:00","twitter_card":"summary_large_image","twitter_site":"@muntuworld","twitter_misc":{"Tiempo de lectura":"5 minutos"},"schema":{"@context":"https:\/\/schema.org","@graph":[{"@type":"WebPage","@id":"https:\/\/muntudesign.com\/es\/bemuntu\/","url":"https:\/\/muntudesign.com\/es\/bemuntu\/","name":"BeMUNTU - Muntu Design","isPartOf":{"@id":"https:\/\/muntudesign.com\/#website"},"datePublished":"2017-03-26T19:51:18+00:00","dateModified":"2018-12-06T11:15:00+00:00","description":"BeMuntu, the MUNTU WORLD project community. Community, the foundation of all human life on Earth, is essential to mankind.","breadcrumb":{"@id":"https:\/\/muntudesign.com\/es\/bemuntu\/#breadcrumb"},"inLanguage":"es","potentialAction":[{"@type":"ReadAction","target":["https:\/\/muntudesign.com\/es\/bemuntu\/"]}]},{"@type":"BreadcrumbList","@id":"https:\/\/muntudesign.com\/es\/bemuntu\/#breadcrumb","itemListElement":[{"@type":"ListItem","position":1,"name":"Accueil","item":"https:\/\/muntudesign.com\/es\/"},{"@type":"ListItem","position":2,"name":"BeMUNTU"}]},{"@type":"WebSite","@id":"https:\/\/muntudesign.com\/#website","url":"https:\/\/muntudesign.com\/","name":"Muntu Design","description":"Contemporary African Design","publisher":{"@id":"https:\/\/muntudesign.com\/#organization"},"potentialAction":[{"@type":"SearchAction","target":{"@type":"EntryPoint","urlTemplate":"https:\/\/muntudesign.com\/?s={search_term_string}"},"query-input":{"@type":"PropertyValueSpecification","valueRequired":true,"valueName":"search_term_string"}}],"inLanguage":"es"},{"@type":"Organization","@id":"https:\/\/muntudesign.com\/#organization","name":"Muntu Design","url":"https:\/\/muntudesign.com\/","logo":{"@type":"ImageObject","inLanguage":"es","@id":"https:\/\/muntudesign.com\/#\/schema\/logo\/image\/","url":"https:\/\/muntudesign.com\/wp-content\/uploads\/2017\/03\/logo-munut-artistique.png","contentUrl":"https:\/\/muntudesign.com\/wp-content\/uploads\/2017\/03\/logo-munut-artistique.png","width":1024,"height":1192,"caption":"Muntu Design"},"image":{"@id":"https:\/\/muntudesign.com\/#\/schema\/logo\/image\/"},"sameAs":["https:\/\/www.facebook.com\/MuntuWorld\/","https:\/\/x.com\/muntuworld"]}]}},"_links":{"self":[{"href":"https:\/\/muntudesign.com\/es\/wp-json\/wp\/v2\/pages\/520193","targetHints":{"allow":["GET"]}}],"collection":[{"href":"https:\/\/muntudesign.com\/es\/wp-json\/wp\/v2\/pages"}],"about":[{"href":"https:\/\/muntudesign.com\/es\/wp-json\/wp\/v2\/types\/page"}],"author":[{"embeddable":true,"href":"https:\/\/muntudesign.com\/es\/wp-json\/wp\/v2\/users\/1"}],"replies":[{"embeddable":true,"href":"https:\/\/muntudesign.com\/es\/wp-json\/wp\/v2\/comments?post=520193"}],"version-history":[{"count":0,"href":"https:\/\/muntudesign.com\/es\/wp-json\/wp\/v2\/pages\/520193\/revisions"}],"wp:attachment":[{"href":"https:\/\/muntudesign.com\/es\/wp-json\/wp\/v2\/media?parent=520193"}],"curies":[{"name":"wp","href":"https:\/\/api.w.org\/{rel}","templated":true}]}}